{"id":7992,"date":"2022-06-22T12:48:54","date_gmt":"2022-06-22T10:48:54","guid":{"rendered":"https:\/\/cirhe.com\/?post_type=product&#038;p=7992"},"modified":"2025-07-22T12:46:48","modified_gmt":"2025-07-22T10:46:48","slug":"rh-pga2-1","status":"publish","type":"product","link":"https:\/\/cirhe.com\/en\/producto\/rh-pga2-1\/","title":{"rendered":"RH-PGA2.1"},"content":{"rendered":"<section class=\"l-section wpb_row height_auto\"><div class=\"l-section-h i-cf\"><div class=\"g-cols vc_row via_flex valign_top type_default stacking_default\"><div class=\"vc_col-sm-12 wpb_column vc_column_container\"><div class=\"vc_column-inner\"><div class=\"wpb_wrapper\"><div class=\"w-separator size_custom\" style=\"height:25px\"><\/div><\/div><\/div><\/div><\/div><\/div><\/section><section class=\"l-section wpb_row us_custom_f4734a36 height_auto\"><div class=\"l-section-h i-cf\"><div class=\"g-cols vc_row via_flex valign_top type_default stacking_default\"><div class=\"vc_col-sm-12 wpb_column vc_column_container\"><div class=\"vc_column-inner\"><div class=\"wpb_wrapper\"><div class=\"w-separator size_custom with_line width_default thick_1 style_solid color_border align_center\" style=\"height:20px\"><div class=\"w-separator-h\"><\/div><\/div><div class=\"g-cols wpb_row via_flex valign_top type_default stacking_default\"><div class=\"vc_col-sm-12 wpb_column vc_column_container\"><div class=\"vc_column-inner\"><div class=\"wpb_wrapper\"><div class=\"wpb_text_column\"><div class=\"wpb_wrapper\"><p><strong>APLICACI\u00d3N: <\/strong>Grapa de amarre<br \/>\n<strong>TENSI\u00d3N: <\/strong>\u2264 36 kV<br \/>\n<strong>RANGO: <\/strong>\u2264 GA2,\u00a0 R\u00f3tula larga\/media\/corta, Aislador de vidrio\/polim\u00e9rico<br \/>\n<strong>HOMOLOGACI\u00d3N: <\/strong> Iberdrola V0 (L\u00edneas A\u00e9reas), Naturgy V0<br \/>\n<img loading=\"lazy\" decoding=\"async\" class=\"wp-image-7276 alignnone\" src=\"https:\/\/cirhe.com\/wp-content\/uploads\/2022\/02\/iberdrola-logo.png\" alt=\"\" width=\"70\" height=\"15\" \/><img loading=\"lazy\" decoding=\"async\" class=\"wp-image-7276 alignnone\" src=\"https:\/\/cirhe.com\/wp-content\/uploads\/2022\/02\/Naturgy-logo.png\" alt=\"\" width=\"70\" height=\"15\" \/><img loading=\"lazy\" decoding=\"async\" class=\"wp-image-7276 alignnone\" src=\"https:\/\/cirhe.com\/wp-content\/uploads\/2022\/02\/endesa-logo.png\" alt=\"\" width=\"70\" height=\"15\" \/><br \/>\n<strong>CERTIFICACI\u00d3N: <\/strong> Marca N AENOR<br \/>\n<a href=\"https:\/\/cirhe.com\/wp-content\/uploads\/2024\/05\/CERTIFICADO-AENOR-RH-PRODUCTO_ES_2024-03-20.pdf\"><img loading=\"lazy\" decoding=\"async\" class=\"wp-image-7276 alignnone\" src=\"https:\/\/cirhe.com\/wp-content\/uploads\/2024\/05\/marca-n-logo-1.png\" alt=\"\" width=\"70\" height=\"15\" \/><\/a><br \/>\n<strong>SUMINISTRO: <\/strong>M\u00faltiplos de 3 unidades<\/p>\n<\/div><\/div><\/div><\/div><\/div><\/div><div class=\"w-separator size_custom with_line width_default thick_1 style_solid color_border align_center\" style=\"height:20px\"><div class=\"w-separator-h\"><\/div><\/div><\/div><\/div><\/div><\/div><\/div><\/section><section class=\"l-section wpb_row height_auto\"><div class=\"l-section-h i-cf\"><div class=\"g-cols vc_row via_flex valign_top type_default stacking_default\"><div class=\"vc_col-sm-12 wpb_column vc_column_container\"><div class=\"vc_column-inner\"><div class=\"wpb_wrapper\"><div class=\"w-separator size_custom\" style=\"height:25px\"><\/div><div class=\"w-separator size_custom with_line width_default thick_2 style_solid color_primary align_center\" style=\"height:30px\"><div class=\"w-separator-h\"><\/div><\/div><\/div><\/div><\/div><\/div><\/div><\/section><section class=\"l-section wpb_row height_auto\"><div class=\"l-section-h i-cf\"><div class=\"g-cols vc_row via_flex valign_top type_default stacking_default\"><div class=\"vc_col-sm-6 wpb_column vc_column_container\"><div class=\"vc_column-inner\"><div class=\"wpb_wrapper\"><div class=\"w-btn-wrapper align_center\"><a class=\"w-btn us-btn-style_1\" target=\"_blank\" rel=\"nofollow\" href=\"https:\/\/cirhe.com\/wp-content\/uploads\/2022\/06\/FT_RH-PGA2.1.pdf\"><span class=\"w-btn-label\">Ficha t\u00e9cnica (PDF)<\/span><\/a><\/div><\/div><\/div><\/div><div class=\"vc_col-sm-6 wpb_column vc_column_container\"><div class=\"vc_column-inner\"><div class=\"wpb_wrapper\"><div class=\"w-btn-wrapper align_center\"><a class=\"w-btn us-btn-style_1\" target=\"_blank\" rel=\"nofollow\" href=\"https:\/\/cirhe.com\/wp-content\/uploads\/2022\/06\/INST-RH-PGA2.1_rev1.pdf\"><span class=\"w-btn-label\">Manual de instalaci\u00f3n (PDF)<\/span><\/a><\/div><\/div><\/div><\/div><\/div><\/div><\/section><section class=\"l-section wpb_row height_auto\"><div class=\"l-section-h i-cf\"><div class=\"g-cols vc_row via_flex valign_top type_default stacking_default\"><div class=\"vc_col-sm-12 wpb_column vc_column_container\"><div class=\"vc_column-inner\"><div class=\"wpb_wrapper\"><div class=\"w-separator size_custom with_line width_default thick_2 style_solid color_primary align_center\" style=\"height:30px\"><div class=\"w-separator-h\"><\/div><\/div><div class=\"w-separator size_custom\" style=\"height:15px\"><\/div><\/div><\/div><\/div><\/div><\/div><\/section>\n","protected":false},"excerpt":{"rendered":"<p>PROTECTOR RH-PGA2.1<br \/>\nPIEZAS DE PROTECCI\u00d3N PARA GRAPAS DE AMARRE<br \/>\nProtector para grapas de amarre (GA2). Suministrado con sistema de protecci\u00f3n para evitar anidaci\u00f3n interna de aves o insectos. Apto tanto para cadenas de aisladores de vidrio como polim\u00e9ricas, as\u00ed como r\u00f3tulas largas o cortas.<\/p>\n<p>&nbsp;<\/p>\n","protected":false},"featured_media":7993,"comment_status":"closed","ping_status":"closed","template":"","meta":[],"product_brand":[],"product_cat":[90,44,45,52,59],"product_tag":[],"class_list":{"0":"post-7992","1":"product","2":"type-product","3":"status-publish","4":"has-post-thumbnail","6":"product_cat-36kv","7":"product_cat-aislamiento-para-lineas-aereas","8":"product_cat-avifauna","9":"product_cat-clase-0","10":"product_cat-grapa-amarre","12":"first","13":"instock","14":"shipping-taxable","15":"product-type-simple"},"yoast_head":"<!-- This site is optimized with the Yoast SEO plugin v27.3 - https:\/\/yoast.com\/product\/yoast-seo-wordpress\/ -->\n<title>RH-PGA2.1 - RH Corporative Internacional<\/title>\n<meta name=\"description\" content=\"Protector para grapas de amarre (GA2). Suministrado con sistema de protecci\u00f3n para evitar anidaci\u00f3n interna de aves o insectos. Apto tanto para cadenas de aisladores de vidrio como polim\u00e9ricas, as\u00ed como r\u00f3tulas largas o cortas.\" \/>\n<meta name=\"robots\" content=\"index, follow, max-snippet:-1, max-image-preview:large, max-video-preview:-1\" \/>\n<link rel=\"canonical\" href=\"https:\/\/cirhe.com\/en\/producto\/rh-pga2-1\/\" \/>\n<meta property=\"og:locale\" content=\"en_US\" \/>\n<meta property=\"og:type\" content=\"article\" \/>\n<meta property=\"og:title\" content=\"RH-PGA2.1 - RH Corporative Internacional\" \/>\n<meta property=\"og:description\" content=\"Protector para grapas de amarre (GA2). Suministrado con sistema de protecci\u00f3n para evitar anidaci\u00f3n interna de aves o insectos. Apto tanto para cadenas de aisladores de vidrio como polim\u00e9ricas, as\u00ed como r\u00f3tulas largas o cortas.\" \/>\n<meta property=\"og:url\" content=\"https:\/\/cirhe.com\/en\/producto\/rh-pga2-1\/\" \/>\n<meta property=\"og:site_name\" content=\"RH Corporative Internacional\" \/>\n<meta property=\"article:modified_time\" content=\"2025-07-22T10:46:48+00:00\" \/>\n<meta property=\"og:image\" content=\"https:\/\/cirhe.com\/wp-content\/uploads\/2022\/06\/RH-PGA2.1-1.jpg\" \/>\n\t<meta property=\"og:image:width\" content=\"540\" \/>\n\t<meta property=\"og:image:height\" content=\"540\" \/>\n\t<meta property=\"og:image:type\" content=\"image\/jpeg\" \/>\n<meta name=\"twitter:card\" content=\"summary_large_image\" \/>\n<meta name=\"twitter:label1\" content=\"Est. reading time\" \/>\n\t<meta name=\"twitter:data1\" content=\"2 minutes\" \/>\n<script type=\"application\/ld+json\" class=\"yoast-schema-graph\">{\"@context\":\"https:\\\/\\\/schema.org\",\"@graph\":[{\"@type\":\"WebPage\",\"@id\":\"https:\\\/\\\/cirhe.com\\\/en\\\/producto\\\/rh-pga2-1\\\/\",\"url\":\"https:\\\/\\\/cirhe.com\\\/en\\\/producto\\\/rh-pga2-1\\\/\",\"name\":\"RH-PGA2.1 - RH Corporative Internacional\",\"isPartOf\":{\"@id\":\"https:\\\/\\\/cirhe.com\\\/en\\\/#website\"},\"primaryImageOfPage\":{\"@id\":\"https:\\\/\\\/cirhe.com\\\/en\\\/producto\\\/rh-pga2-1\\\/#primaryimage\"},\"image\":{\"@id\":\"https:\\\/\\\/cirhe.com\\\/en\\\/producto\\\/rh-pga2-1\\\/#primaryimage\"},\"thumbnailUrl\":\"https:\\\/\\\/cirhe.com\\\/wp-content\\\/uploads\\\/2022\\\/06\\\/RH-PGA2.1-1.jpg\",\"datePublished\":\"2022-06-22T10:48:54+00:00\",\"dateModified\":\"2025-07-22T10:46:48+00:00\",\"description\":\"Protector para grapas de amarre (GA2). Suministrado con sistema de protecci\u00f3n para evitar anidaci\u00f3n interna de aves o insectos. Apto tanto para cadenas de aisladores de vidrio como polim\u00e9ricas, as\u00ed como r\u00f3tulas largas o cortas.\",\"breadcrumb\":{\"@id\":\"https:\\\/\\\/cirhe.com\\\/en\\\/producto\\\/rh-pga2-1\\\/#breadcrumb\"},\"inLanguage\":\"en-US\",\"potentialAction\":[{\"@type\":\"ReadAction\",\"target\":[\"https:\\\/\\\/cirhe.com\\\/en\\\/producto\\\/rh-pga2-1\\\/\"]}]},{\"@type\":\"ImageObject\",\"inLanguage\":\"en-US\",\"@id\":\"https:\\\/\\\/cirhe.com\\\/en\\\/producto\\\/rh-pga2-1\\\/#primaryimage\",\"url\":\"https:\\\/\\\/cirhe.com\\\/wp-content\\\/uploads\\\/2022\\\/06\\\/RH-PGA2.1-1.jpg\",\"contentUrl\":\"https:\\\/\\\/cirhe.com\\\/wp-content\\\/uploads\\\/2022\\\/06\\\/RH-PGA2.1-1.jpg\",\"width\":540,\"height\":540,\"caption\":\"RH-PGA2.1\"},{\"@type\":\"BreadcrumbList\",\"@id\":\"https:\\\/\\\/cirhe.com\\\/en\\\/producto\\\/rh-pga2-1\\\/#breadcrumb\",\"itemListElement\":[{\"@type\":\"ListItem\",\"position\":1,\"name\":\"Portada\",\"item\":\"https:\\\/\\\/cirhe.com\\\/en\\\/nuevo-inicio\\\/\"},{\"@type\":\"ListItem\",\"position\":2,\"name\":\"Tienda\",\"item\":\"https:\\\/\\\/cirhe.com\\\/?page_id=4077\"},{\"@type\":\"ListItem\",\"position\":3,\"name\":\"RH-PGA2.1\"}]},{\"@type\":\"WebSite\",\"@id\":\"https:\\\/\\\/cirhe.com\\\/en\\\/#website\",\"url\":\"https:\\\/\\\/cirhe.com\\\/en\\\/\",\"name\":\"RH Corporative International\",\"description\":\"Somos energ\u00eda. Somos soluciones\",\"publisher\":{\"@id\":\"https:\\\/\\\/cirhe.com\\\/en\\\/#organization\"},\"alternateName\":\"RH\",\"potentialAction\":[{\"@type\":\"SearchAction\",\"target\":{\"@type\":\"EntryPoint\",\"urlTemplate\":\"https:\\\/\\\/cirhe.com\\\/en\\\/?s={search_term_string}\"},\"query-input\":{\"@type\":\"PropertyValueSpecification\",\"valueRequired\":true,\"valueName\":\"search_term_string\"}}],\"inLanguage\":\"en-US\"},{\"@type\":\"Organization\",\"@id\":\"https:\\\/\\\/cirhe.com\\\/en\\\/#organization\",\"name\":\"RH Corporative International\",\"alternateName\":\"RH\",\"url\":\"https:\\\/\\\/cirhe.com\\\/en\\\/\",\"logo\":{\"@type\":\"ImageObject\",\"inLanguage\":\"en-US\",\"@id\":\"https:\\\/\\\/cirhe.com\\\/en\\\/#\\\/schema\\\/logo\\\/image\\\/\",\"url\":\"https:\\\/\\\/cirhe.com\\\/wp-content\\\/uploads\\\/2019\\\/07\\\/logo-color-vertical.png\",\"contentUrl\":\"https:\\\/\\\/cirhe.com\\\/wp-content\\\/uploads\\\/2019\\\/07\\\/logo-color-vertical.png\",\"width\":150,\"height\":110,\"caption\":\"RH Corporative International\"},\"image\":{\"@id\":\"https:\\\/\\\/cirhe.com\\\/en\\\/#\\\/schema\\\/logo\\\/image\\\/\"},\"sameAs\":[\"https:\\\/\\\/www.linkedin.com\\\/company\\\/68510897\\\/admin\\\/feed\\\/posts\\\/\",\"https:\\\/\\\/www.youtube.com\\\/channel\\\/UCYj1gQsCnXKEKaaPUAWWw_g\\\/videos\"]}]}<\/script>\n<!-- \/ Yoast SEO plugin. -->","yoast_head_json":{"title":"RH-PGA2.1 - RH Corporative Internacional","description":"Protector para grapas de amarre (GA2). Suministrado con sistema de protecci\u00f3n para evitar anidaci\u00f3n interna de aves o insectos. Apto tanto para cadenas de aisladores de vidrio como polim\u00e9ricas, as\u00ed como r\u00f3tulas largas o cortas.","robots":{"index":"index","follow":"follow","max-snippet":"max-snippet:-1","max-image-preview":"max-image-preview:large","max-video-preview":"max-video-preview:-1"},"canonical":"https:\/\/cirhe.com\/en\/producto\/rh-pga2-1\/","og_locale":"en_US","og_type":"article","og_title":"RH-PGA2.1 - RH Corporative Internacional","og_description":"Protector para grapas de amarre (GA2). Suministrado con sistema de protecci\u00f3n para evitar anidaci\u00f3n interna de aves o insectos. Apto tanto para cadenas de aisladores de vidrio como polim\u00e9ricas, as\u00ed como r\u00f3tulas largas o cortas.","og_url":"https:\/\/cirhe.com\/en\/producto\/rh-pga2-1\/","og_site_name":"RH Corporative Internacional","article_modified_time":"2025-07-22T10:46:48+00:00","og_image":[{"width":540,"height":540,"url":"https:\/\/cirhe.com\/wp-content\/uploads\/2022\/06\/RH-PGA2.1-1.jpg","type":"image\/jpeg"}],"twitter_card":"summary_large_image","twitter_misc":{"Est. reading time":"2 minutes"},"schema":{"@context":"https:\/\/schema.org","@graph":[{"@type":"WebPage","@id":"https:\/\/cirhe.com\/en\/producto\/rh-pga2-1\/","url":"https:\/\/cirhe.com\/en\/producto\/rh-pga2-1\/","name":"RH-PGA2.1 - RH Corporative Internacional","isPartOf":{"@id":"https:\/\/cirhe.com\/en\/#website"},"primaryImageOfPage":{"@id":"https:\/\/cirhe.com\/en\/producto\/rh-pga2-1\/#primaryimage"},"image":{"@id":"https:\/\/cirhe.com\/en\/producto\/rh-pga2-1\/#primaryimage"},"thumbnailUrl":"https:\/\/cirhe.com\/wp-content\/uploads\/2022\/06\/RH-PGA2.1-1.jpg","datePublished":"2022-06-22T10:48:54+00:00","dateModified":"2025-07-22T10:46:48+00:00","description":"Protector para grapas de amarre (GA2). Suministrado con sistema de protecci\u00f3n para evitar anidaci\u00f3n interna de aves o insectos. Apto tanto para cadenas de aisladores de vidrio como polim\u00e9ricas, as\u00ed como r\u00f3tulas largas o cortas.","breadcrumb":{"@id":"https:\/\/cirhe.com\/en\/producto\/rh-pga2-1\/#breadcrumb"},"inLanguage":"en-US","potentialAction":[{"@type":"ReadAction","target":["https:\/\/cirhe.com\/en\/producto\/rh-pga2-1\/"]}]},{"@type":"ImageObject","inLanguage":"en-US","@id":"https:\/\/cirhe.com\/en\/producto\/rh-pga2-1\/#primaryimage","url":"https:\/\/cirhe.com\/wp-content\/uploads\/2022\/06\/RH-PGA2.1-1.jpg","contentUrl":"https:\/\/cirhe.com\/wp-content\/uploads\/2022\/06\/RH-PGA2.1-1.jpg","width":540,"height":540,"caption":"RH-PGA2.1"},{"@type":"BreadcrumbList","@id":"https:\/\/cirhe.com\/en\/producto\/rh-pga2-1\/#breadcrumb","itemListElement":[{"@type":"ListItem","position":1,"name":"Portada","item":"https:\/\/cirhe.com\/en\/nuevo-inicio\/"},{"@type":"ListItem","position":2,"name":"Tienda","item":"https:\/\/cirhe.com\/?page_id=4077"},{"@type":"ListItem","position":3,"name":"RH-PGA2.1"}]},{"@type":"WebSite","@id":"https:\/\/cirhe.com\/en\/#website","url":"https:\/\/cirhe.com\/en\/","name":"RH Corporative International","description":"Somos energ\u00eda. Somos soluciones","publisher":{"@id":"https:\/\/cirhe.com\/en\/#organization"},"alternateName":"RH","potentialAction":[{"@type":"SearchAction","target":{"@type":"EntryPoint","urlTemplate":"https:\/\/cirhe.com\/en\/?s={search_term_string}"},"query-input":{"@type":"PropertyValueSpecification","valueRequired":true,"valueName":"search_term_string"}}],"inLanguage":"en-US"},{"@type":"Organization","@id":"https:\/\/cirhe.com\/en\/#organization","name":"RH Corporative International","alternateName":"RH","url":"https:\/\/cirhe.com\/en\/","logo":{"@type":"ImageObject","inLanguage":"en-US","@id":"https:\/\/cirhe.com\/en\/#\/schema\/logo\/image\/","url":"https:\/\/cirhe.com\/wp-content\/uploads\/2019\/07\/logo-color-vertical.png","contentUrl":"https:\/\/cirhe.com\/wp-content\/uploads\/2019\/07\/logo-color-vertical.png","width":150,"height":110,"caption":"RH Corporative International"},"image":{"@id":"https:\/\/cirhe.com\/en\/#\/schema\/logo\/image\/"},"sameAs":["https:\/\/www.linkedin.com\/company\/68510897\/admin\/feed\/posts\/","https:\/\/www.youtube.com\/channel\/UCYj1gQsCnXKEKaaPUAWWw_g\/videos"]}]}},"_links":{"self":[{"href":"https:\/\/cirhe.com\/en\/wp-json\/wp\/v2\/product\/7992","targetHints":{"allow":["GET"]}}],"collection":[{"href":"https:\/\/cirhe.com\/en\/wp-json\/wp\/v2\/product"}],"about":[{"href":"https:\/\/cirhe.com\/en\/wp-json\/wp\/v2\/types\/product"}],"replies":[{"embeddable":true,"href":"https:\/\/cirhe.com\/en\/wp-json\/wp\/v2\/comments?post=7992"}],"wp:featuredmedia":[{"embeddable":true,"href":"https:\/\/cirhe.com\/en\/wp-json\/wp\/v2\/media\/7993"}],"wp:attachment":[{"href":"https:\/\/cirhe.com\/en\/wp-json\/wp\/v2\/media?parent=7992"}],"wp:term":[{"taxonomy":"product_brand","embeddable":true,"href":"https:\/\/cirhe.com\/en\/wp-json\/wp\/v2\/product_brand?post=7992"},{"taxonomy":"product_cat","embeddable":true,"href":"https:\/\/cirhe.com\/en\/wp-json\/wp\/v2\/product_cat?post=7992"},{"taxonomy":"product_tag","embeddable":true,"href":"https:\/\/cirhe.com\/en\/wp-json\/wp\/v2\/product_tag?post=7992"}],"curies":[{"name":"wp","href":"https:\/\/api.w.org\/{rel}","templated":true}]}}