{"id":4843,"date":"2021-09-06T09:40:21","date_gmt":"2021-09-06T07:40:21","guid":{"rendered":"https:\/\/cirhe.com\/?post_type=product&#038;p=4843"},"modified":"2024-02-21T09:30:22","modified_gmt":"2024-02-21T08:30:22","slug":"rh-seca","status":"publish","type":"product","link":"https:\/\/cirhe.com\/en\/producto\/rh-seca\/","title":{"rendered":"RH-SECA"},"content":{"rendered":"<section class=\"l-section wpb_row height_auto\"><div class=\"l-section-h i-cf\"><div class=\"g-cols vc_row via_flex valign_top type_default stacking_default\"><div class=\"vc_col-sm-12 wpb_column vc_column_container\"><div class=\"vc_column-inner\"><div class=\"wpb_wrapper\"><div class=\"w-separator size_custom\" style=\"height:25px\"><\/div><\/div><\/div><\/div><\/div><\/div><\/section><section class=\"l-section wpb_row us_custom_f4734a36 height_auto\"><div class=\"l-section-h i-cf\"><div class=\"g-cols vc_row via_flex valign_top type_default stacking_default\"><div class=\"vc_col-sm-12 wpb_column vc_column_container\"><div class=\"vc_column-inner\"><div class=\"wpb_wrapper\"><div class=\"w-separator size_custom with_line width_default thick_1 style_solid color_border align_center\" style=\"height:20px\"><div class=\"w-separator-h\"><\/div><\/div><div class=\"g-cols wpb_row via_flex valign_top type_default stacking_default\"><div class=\"vc_col-sm-12 wpb_column vc_column_container\"><div class=\"vc_column-inner\"><div class=\"wpb_wrapper\"><div class=\"wpb_text_column\"><div class=\"wpb_wrapper\"><p><strong>APLICACI\u00d3N: <\/strong>Cinta autovulcanizable de caucho<br \/>\n<strong>RANGO: <\/strong>&#8216;-30\u00baC \u2264 Temperatura \u2264 85\u00baC<br \/>\n<strong>HOMOLOGACI\u00d3N: <\/strong> Iberdrola V0 (L\u00edneas A\u00e9reas, Subestaciones)<br \/>\n<img loading=\"lazy\" decoding=\"async\" class=\"wp-image-7276 alignnone\" src=\"https:\/\/cirhe.com\/wp-content\/uploads\/2022\/02\/iberdrola-logo.png\" alt=\"\" width=\"70\" height=\"15\" \/><br \/>\n<strong>SUMINISTRO:<\/strong>\u2265 1 unidad<\/p>\n<\/div><\/div><\/div><\/div><\/div><\/div><div class=\"w-separator size_custom with_line width_default thick_1 style_solid color_border align_center\" style=\"height:20px\"><div class=\"w-separator-h\"><\/div><\/div><\/div><\/div><\/div><\/div><\/div><\/section><section class=\"l-section wpb_row height_medium\"><div class=\"l-section-h i-cf\"><div class=\"g-cols vc_row via_flex valign_top type_default stacking_default\"><div class=\"vc_col-sm-12 wpb_column vc_column_container\"><div class=\"vc_column-inner\"><div class=\"wpb_wrapper\"><div class=\"w-image align_none\"><div class=\"w-image-h\"><img decoding=\"async\" width=\"600\" height=\"165\" src=\"https:\/\/cirhe.com\/wp-content\/uploads\/2021\/09\/Tabla-RH-800px-web-CINTA-AUTOVULCANIZABLE-DE-CAUCHO-SECA-50.jpg\" class=\"attachment-full size-full\" alt=\"\" loading=\"lazy\" srcset=\"https:\/\/cirhe.com\/wp-content\/uploads\/2021\/09\/Tabla-RH-800px-web-CINTA-AUTOVULCANIZABLE-DE-CAUCHO-SECA-50.jpg 600w, https:\/\/cirhe.com\/wp-content\/uploads\/2021\/09\/Tabla-RH-800px-web-CINTA-AUTOVULCANIZABLE-DE-CAUCHO-SECA-50-300x83.jpg 300w\" sizes=\"auto, (max-width: 600px) 100vw, 600px\" \/><\/div><\/div><\/div><\/div><\/div><\/div><\/div><\/section><section class=\"l-section wpb_row height_auto\"><div class=\"l-section-h i-cf\"><div class=\"g-cols vc_row via_flex valign_top type_default stacking_default\"><div class=\"vc_col-sm-12 wpb_column vc_column_container\"><div class=\"vc_column-inner\"><div class=\"wpb_wrapper\"><div class=\"w-separator size_custom\" style=\"height:25px\"><\/div><div class=\"w-separator size_custom with_line width_default thick_2 style_solid color_primary align_center\" style=\"height:30px\"><div class=\"w-separator-h\"><\/div><\/div><\/div><\/div><\/div><\/div><\/div><\/section><section class=\"l-section wpb_row height_auto\"><div class=\"l-section-h i-cf\"><div class=\"g-cols vc_row via_flex valign_top type_default stacking_default\"><div class=\"vc_col-sm-12 wpb_column vc_column_container\"><div class=\"vc_column-inner\"><div class=\"wpb_wrapper\"><div class=\"w-btn-wrapper align_center\"><a class=\"w-btn us-btn-style_1\" target=\"_blank\" href=\"https:\/\/cirhe.com\/wp-content\/uploads\/2024\/02\/FT_RH-SECA_rev0.pdf\"><span class=\"w-btn-label\">Ficha t\u00e9cnica (PDF)<\/span><\/a><\/div><\/div><\/div><\/div><\/div><\/div><\/section><section class=\"l-section wpb_row height_auto\"><div class=\"l-section-h i-cf\"><div class=\"g-cols vc_row via_flex valign_top type_default stacking_default\"><div class=\"vc_col-sm-12 wpb_column vc_column_container\"><div class=\"vc_column-inner\"><div class=\"wpb_wrapper\"><div class=\"w-separator size_custom with_line width_default thick_2 style_solid color_primary align_center\" style=\"height:30px\"><div class=\"w-separator-h\"><\/div><\/div><div class=\"w-separator size_custom\" style=\"height:15px\"><\/div><\/div><\/div><\/div><\/div><\/div><\/section>\n","protected":false},"excerpt":{"rendered":"<p><strong>CINTA AUTOVULCANIZABLE DE CAUCHO RH-SECA-50<\/strong><br \/>\nCinta de caucho negra de alto poder de adhesi\u00f3n en PVC, PE y acero. Utilizada para aislamiento y sellado de conexiones el\u00e9ctricas Suministro en rollos de 7620x50x1,5 mm.<br \/>\nCARACTER\u00cdSTICAS:<br \/>\n\u2022 F\u00e1cil aplicaci\u00f3n para relleno de c\u00e1maras de aire.<br \/>\n\u2022 Mantiene sus propiedades flexibles a lo largo del tiempo.<br \/>\n\u2022 No conductora.<br \/>\n\u2022 Excelente comportamiento frente a humedades.<br \/>\n\u2022 Temperaturas de trabajo desde \u221230 \u00b0C hasta +85 \u00b0C.<\/p>\n<p>&nbsp;<\/p>\n","protected":false},"featured_media":4844,"comment_status":"closed","ping_status":"closed","template":"","meta":[],"product_brand":[],"product_cat":[45,73],"product_tag":[],"class_list":{"0":"post-4843","1":"product","2":"type-product","3":"status-publish","4":"has-post-thumbnail","6":"product_cat-avifauna","7":"product_cat-tubos-y-cintas-aislantes-2","9":"first","10":"instock","11":"shipping-taxable","12":"product-type-simple"},"yoast_head":"<!-- This site is optimized with the Yoast SEO plugin v27.5 - https:\/\/yoast.com\/product\/yoast-seo-wordpress\/ -->\n<title>RH-SECA - RH Corporative Internacional<\/title>\n<meta name=\"description\" content=\"Cinta de caucho negra de alto poder de adhesi\u00f3n en PVC, PE y acero\" \/>\n<meta name=\"robots\" content=\"index, follow, max-snippet:-1, max-image-preview:large, max-video-preview:-1\" \/>\n<link rel=\"canonical\" href=\"https:\/\/cirhe.com\/en\/producto\/rh-seca\/\" \/>\n<meta property=\"og:locale\" content=\"en_US\" \/>\n<meta property=\"og:type\" content=\"article\" \/>\n<meta property=\"og:title\" content=\"RH-SECA - RH Corporative Internacional\" \/>\n<meta property=\"og:description\" content=\"Cinta de caucho negra de alto poder de adhesi\u00f3n en PVC, PE y acero\" \/>\n<meta property=\"og:url\" content=\"https:\/\/cirhe.com\/en\/producto\/rh-seca\/\" \/>\n<meta property=\"og:site_name\" content=\"RH Corporative Internacional\" \/>\n<meta property=\"article:modified_time\" content=\"2024-02-21T08:30:22+00:00\" \/>\n<meta property=\"og:image\" content=\"https:\/\/cirhe.com\/wp-content\/uploads\/2021\/07\/RH-SECA_1.jpg\" \/>\n\t<meta property=\"og:image:width\" content=\"540\" \/>\n\t<meta property=\"og:image:height\" content=\"540\" \/>\n\t<meta property=\"og:image:type\" content=\"image\/jpeg\" \/>\n<meta name=\"twitter:card\" content=\"summary_large_image\" \/>\n<meta name=\"twitter:label1\" content=\"Est. reading time\" \/>\n\t<meta name=\"twitter:data1\" content=\"1 minute\" \/>\n<script type=\"application\/ld+json\" class=\"yoast-schema-graph\">{\"@context\":\"https:\\\/\\\/schema.org\",\"@graph\":[{\"@type\":\"WebPage\",\"@id\":\"https:\\\/\\\/cirhe.com\\\/en\\\/producto\\\/rh-seca\\\/\",\"url\":\"https:\\\/\\\/cirhe.com\\\/en\\\/producto\\\/rh-seca\\\/\",\"name\":\"RH-SECA - RH Corporative Internacional\",\"isPartOf\":{\"@id\":\"https:\\\/\\\/cirhe.com\\\/en\\\/#website\"},\"primaryImageOfPage\":{\"@id\":\"https:\\\/\\\/cirhe.com\\\/en\\\/producto\\\/rh-seca\\\/#primaryimage\"},\"image\":{\"@id\":\"https:\\\/\\\/cirhe.com\\\/en\\\/producto\\\/rh-seca\\\/#primaryimage\"},\"thumbnailUrl\":\"https:\\\/\\\/cirhe.com\\\/wp-content\\\/uploads\\\/2021\\\/07\\\/RH-SECA_1.jpg\",\"datePublished\":\"2021-09-06T07:40:21+00:00\",\"dateModified\":\"2024-02-21T08:30:22+00:00\",\"description\":\"Cinta de caucho negra de alto poder de adhesi\u00f3n en PVC, PE y acero\",\"breadcrumb\":{\"@id\":\"https:\\\/\\\/cirhe.com\\\/en\\\/producto\\\/rh-seca\\\/#breadcrumb\"},\"inLanguage\":\"en-US\",\"potentialAction\":[{\"@type\":\"ReadAction\",\"target\":[\"https:\\\/\\\/cirhe.com\\\/en\\\/producto\\\/rh-seca\\\/\"]}]},{\"@type\":\"ImageObject\",\"inLanguage\":\"en-US\",\"@id\":\"https:\\\/\\\/cirhe.com\\\/en\\\/producto\\\/rh-seca\\\/#primaryimage\",\"url\":\"https:\\\/\\\/cirhe.com\\\/wp-content\\\/uploads\\\/2021\\\/07\\\/RH-SECA_1.jpg\",\"contentUrl\":\"https:\\\/\\\/cirhe.com\\\/wp-content\\\/uploads\\\/2021\\\/07\\\/RH-SECA_1.jpg\",\"width\":540,\"height\":540},{\"@type\":\"BreadcrumbList\",\"@id\":\"https:\\\/\\\/cirhe.com\\\/en\\\/producto\\\/rh-seca\\\/#breadcrumb\",\"itemListElement\":[{\"@type\":\"ListItem\",\"position\":1,\"name\":\"Portada\",\"item\":\"https:\\\/\\\/cirhe.com\\\/en\\\/nuevo-inicio\\\/\"},{\"@type\":\"ListItem\",\"position\":2,\"name\":\"Tienda\",\"item\":\"https:\\\/\\\/cirhe.com\\\/?page_id=4077\"},{\"@type\":\"ListItem\",\"position\":3,\"name\":\"RH-SECA\"}]},{\"@type\":\"WebSite\",\"@id\":\"https:\\\/\\\/cirhe.com\\\/en\\\/#website\",\"url\":\"https:\\\/\\\/cirhe.com\\\/en\\\/\",\"name\":\"RH Corporative International\",\"description\":\"Somos energ\u00eda. Somos soluciones\",\"publisher\":{\"@id\":\"https:\\\/\\\/cirhe.com\\\/en\\\/#organization\"},\"alternateName\":\"RH\",\"potentialAction\":[{\"@type\":\"SearchAction\",\"target\":{\"@type\":\"EntryPoint\",\"urlTemplate\":\"https:\\\/\\\/cirhe.com\\\/en\\\/?s={search_term_string}\"},\"query-input\":{\"@type\":\"PropertyValueSpecification\",\"valueRequired\":true,\"valueName\":\"search_term_string\"}}],\"inLanguage\":\"en-US\"},{\"@type\":\"Organization\",\"@id\":\"https:\\\/\\\/cirhe.com\\\/en\\\/#organization\",\"name\":\"RH Corporative International\",\"alternateName\":\"RH\",\"url\":\"https:\\\/\\\/cirhe.com\\\/en\\\/\",\"logo\":{\"@type\":\"ImageObject\",\"inLanguage\":\"en-US\",\"@id\":\"https:\\\/\\\/cirhe.com\\\/en\\\/#\\\/schema\\\/logo\\\/image\\\/\",\"url\":\"https:\\\/\\\/cirhe.com\\\/wp-content\\\/uploads\\\/2019\\\/07\\\/logo-color-vertical.png\",\"contentUrl\":\"https:\\\/\\\/cirhe.com\\\/wp-content\\\/uploads\\\/2019\\\/07\\\/logo-color-vertical.png\",\"width\":150,\"height\":110,\"caption\":\"RH Corporative International\"},\"image\":{\"@id\":\"https:\\\/\\\/cirhe.com\\\/en\\\/#\\\/schema\\\/logo\\\/image\\\/\"},\"sameAs\":[\"https:\\\/\\\/www.linkedin.com\\\/company\\\/68510897\\\/admin\\\/feed\\\/posts\\\/\",\"https:\\\/\\\/www.youtube.com\\\/channel\\\/UCYj1gQsCnXKEKaaPUAWWw_g\\\/videos\"]}]}<\/script>\n<!-- \/ Yoast SEO plugin. -->","yoast_head_json":{"title":"RH-SECA - RH Corporative Internacional","description":"Cinta de caucho negra de alto poder de adhesi\u00f3n en PVC, PE y acero","robots":{"index":"index","follow":"follow","max-snippet":"max-snippet:-1","max-image-preview":"max-image-preview:large","max-video-preview":"max-video-preview:-1"},"canonical":"https:\/\/cirhe.com\/en\/producto\/rh-seca\/","og_locale":"en_US","og_type":"article","og_title":"RH-SECA - RH Corporative Internacional","og_description":"Cinta de caucho negra de alto poder de adhesi\u00f3n en PVC, PE y acero","og_url":"https:\/\/cirhe.com\/en\/producto\/rh-seca\/","og_site_name":"RH Corporative Internacional","article_modified_time":"2024-02-21T08:30:22+00:00","og_image":[{"width":540,"height":540,"url":"https:\/\/cirhe.com\/wp-content\/uploads\/2021\/07\/RH-SECA_1.jpg","type":"image\/jpeg"}],"twitter_card":"summary_large_image","twitter_misc":{"Est. reading time":"1 minute"},"schema":{"@context":"https:\/\/schema.org","@graph":[{"@type":"WebPage","@id":"https:\/\/cirhe.com\/en\/producto\/rh-seca\/","url":"https:\/\/cirhe.com\/en\/producto\/rh-seca\/","name":"RH-SECA - RH Corporative Internacional","isPartOf":{"@id":"https:\/\/cirhe.com\/en\/#website"},"primaryImageOfPage":{"@id":"https:\/\/cirhe.com\/en\/producto\/rh-seca\/#primaryimage"},"image":{"@id":"https:\/\/cirhe.com\/en\/producto\/rh-seca\/#primaryimage"},"thumbnailUrl":"https:\/\/cirhe.com\/wp-content\/uploads\/2021\/07\/RH-SECA_1.jpg","datePublished":"2021-09-06T07:40:21+00:00","dateModified":"2024-02-21T08:30:22+00:00","description":"Cinta de caucho negra de alto poder de adhesi\u00f3n en PVC, PE y acero","breadcrumb":{"@id":"https:\/\/cirhe.com\/en\/producto\/rh-seca\/#breadcrumb"},"inLanguage":"en-US","potentialAction":[{"@type":"ReadAction","target":["https:\/\/cirhe.com\/en\/producto\/rh-seca\/"]}]},{"@type":"ImageObject","inLanguage":"en-US","@id":"https:\/\/cirhe.com\/en\/producto\/rh-seca\/#primaryimage","url":"https:\/\/cirhe.com\/wp-content\/uploads\/2021\/07\/RH-SECA_1.jpg","contentUrl":"https:\/\/cirhe.com\/wp-content\/uploads\/2021\/07\/RH-SECA_1.jpg","width":540,"height":540},{"@type":"BreadcrumbList","@id":"https:\/\/cirhe.com\/en\/producto\/rh-seca\/#breadcrumb","itemListElement":[{"@type":"ListItem","position":1,"name":"Portada","item":"https:\/\/cirhe.com\/en\/nuevo-inicio\/"},{"@type":"ListItem","position":2,"name":"Tienda","item":"https:\/\/cirhe.com\/?page_id=4077"},{"@type":"ListItem","position":3,"name":"RH-SECA"}]},{"@type":"WebSite","@id":"https:\/\/cirhe.com\/en\/#website","url":"https:\/\/cirhe.com\/en\/","name":"RH Corporative International","description":"Somos energ\u00eda. Somos soluciones","publisher":{"@id":"https:\/\/cirhe.com\/en\/#organization"},"alternateName":"RH","potentialAction":[{"@type":"SearchAction","target":{"@type":"EntryPoint","urlTemplate":"https:\/\/cirhe.com\/en\/?s={search_term_string}"},"query-input":{"@type":"PropertyValueSpecification","valueRequired":true,"valueName":"search_term_string"}}],"inLanguage":"en-US"},{"@type":"Organization","@id":"https:\/\/cirhe.com\/en\/#organization","name":"RH Corporative International","alternateName":"RH","url":"https:\/\/cirhe.com\/en\/","logo":{"@type":"ImageObject","inLanguage":"en-US","@id":"https:\/\/cirhe.com\/en\/#\/schema\/logo\/image\/","url":"https:\/\/cirhe.com\/wp-content\/uploads\/2019\/07\/logo-color-vertical.png","contentUrl":"https:\/\/cirhe.com\/wp-content\/uploads\/2019\/07\/logo-color-vertical.png","width":150,"height":110,"caption":"RH Corporative International"},"image":{"@id":"https:\/\/cirhe.com\/en\/#\/schema\/logo\/image\/"},"sameAs":["https:\/\/www.linkedin.com\/company\/68510897\/admin\/feed\/posts\/","https:\/\/www.youtube.com\/channel\/UCYj1gQsCnXKEKaaPUAWWw_g\/videos"]}]}},"_links":{"self":[{"href":"https:\/\/cirhe.com\/en\/wp-json\/wp\/v2\/product\/4843","targetHints":{"allow":["GET"]}}],"collection":[{"href":"https:\/\/cirhe.com\/en\/wp-json\/wp\/v2\/product"}],"about":[{"href":"https:\/\/cirhe.com\/en\/wp-json\/wp\/v2\/types\/product"}],"replies":[{"embeddable":true,"href":"https:\/\/cirhe.com\/en\/wp-json\/wp\/v2\/comments?post=4843"}],"wp:featuredmedia":[{"embeddable":true,"href":"https:\/\/cirhe.com\/en\/wp-json\/wp\/v2\/media\/4844"}],"wp:attachment":[{"href":"https:\/\/cirhe.com\/en\/wp-json\/wp\/v2\/media?parent=4843"}],"wp:term":[{"taxonomy":"product_brand","embeddable":true,"href":"https:\/\/cirhe.com\/en\/wp-json\/wp\/v2\/product_brand?post=4843"},{"taxonomy":"product_cat","embeddable":true,"href":"https:\/\/cirhe.com\/en\/wp-json\/wp\/v2\/product_cat?post=4843"},{"taxonomy":"product_tag","embeddable":true,"href":"https:\/\/cirhe.com\/en\/wp-json\/wp\/v2\/product_tag?post=4843"}],"curies":[{"name":"wp","href":"https:\/\/api.w.org\/{rel}","templated":true}]}}