{"id":4552,"date":"2021-09-06T09:41:29","date_gmt":"2021-09-06T07:41:29","guid":{"rendered":"https:\/\/cirhe.com\/?post_type=product&#038;p=4552"},"modified":"2024-02-20T14:53:04","modified_gmt":"2024-02-20T13:53:04","slug":"rh-pter","status":"publish","type":"product","link":"https:\/\/cirhe.com\/en\/producto\/rh-pter\/","title":{"rendered":"RH-PTER"},"content":{"rendered":"<section class=\"l-section wpb_row height_auto\"><div class=\"l-section-h i-cf\"><div class=\"g-cols vc_row via_flex valign_top type_default stacking_default\"><div class=\"vc_col-sm-12 wpb_column vc_column_container\"><div class=\"vc_column-inner\"><div class=\"wpb_wrapper\"><div class=\"w-separator size_custom\" style=\"height:25px\"><\/div><\/div><\/div><\/div><\/div><\/div><\/section><section class=\"l-section wpb_row us_custom_f4734a36 height_auto\"><div class=\"l-section-h i-cf\"><div class=\"g-cols vc_row via_flex valign_top type_default stacking_default\"><div class=\"vc_col-sm-12 wpb_column vc_column_container\"><div class=\"vc_column-inner\"><div class=\"wpb_wrapper\"><div class=\"w-separator size_custom with_line width_default thick_1 style_solid color_border align_center\" style=\"height:20px\"><div class=\"w-separator-h\"><\/div><\/div><div class=\"g-cols wpb_row via_flex valign_top type_default stacking_default\"><div class=\"vc_col-sm-12 wpb_column vc_column_container\"><div class=\"vc_column-inner\"><div class=\"wpb_wrapper\"><div class=\"wpb_text_column\"><div class=\"wpb_wrapper\"><p><strong>APLICACI\u00d3N: <\/strong>Terminaci\u00f3n<br \/>\n<strong>TENSI\u00d3N: <\/strong>\u2264 36 kV<br \/>\n<strong>RANGO: <\/strong>\u00d8eje \u2264 70 mm<br \/>\n<strong>HOMOLOGACI\u00d3N: <\/strong> Endesa V0<br \/>\n<img loading=\"lazy\" decoding=\"async\" class=\"wp-image-7276 alignnone\" src=\"https:\/\/cirhe.com\/wp-content\/uploads\/2022\/02\/endesa-logo.png\" alt=\"\" width=\"70\" height=\"15\" \/><br \/>\n<strong>SUMINISTRO: <\/strong>M\u00faltiplos de 3 unidades<\/p>\n<\/div><\/div><\/div><\/div><\/div><\/div><div class=\"w-separator size_custom with_line width_default thick_1 style_solid color_border align_center\" style=\"height:20px\"><div class=\"w-separator-h\"><\/div><\/div><\/div><\/div><\/div><\/div><\/div><\/section><section class=\"l-section wpb_row height_auto\"><div class=\"l-section-h i-cf\"><div class=\"g-cols vc_row via_flex valign_top type_default stacking_default\"><div class=\"vc_col-sm-12 wpb_column vc_column_container\"><div class=\"vc_column-inner\"><div class=\"wpb_wrapper\"><div class=\"w-separator size_custom\" style=\"height:25px\"><\/div><div class=\"w-separator size_custom with_line width_default thick_2 style_solid color_primary align_center\" style=\"height:30px\"><div class=\"w-separator-h\"><\/div><\/div><\/div><\/div><\/div><\/div><\/div><\/section><section class=\"l-section wpb_row height_auto\"><div class=\"l-section-h i-cf\"><div class=\"g-cols vc_row via_flex valign_top type_default stacking_default\"><div class=\"vc_col-sm-6 wpb_column vc_column_container\"><div class=\"vc_column-inner\"><div class=\"wpb_wrapper\"><div class=\"w-btn-wrapper align_center\"><a class=\"w-btn us-btn-style_1\" target=\"_blank\" rel=\"nofollow\" href=\"https:\/\/cirhe.com\/wp-content\/uploads\/2021\/12\/FT_RH-PTER.pdf\"><span class=\"w-btn-label\">Ficha t\u00e9cnica (PDF)<\/span><\/a><\/div><\/div><\/div><\/div><div class=\"vc_col-sm-6 wpb_column vc_column_container\"><div class=\"vc_column-inner\"><div class=\"wpb_wrapper\"><div class=\"w-btn-wrapper align_center\"><a class=\"w-btn us-btn-style_1\" target=\"_blank\" rel=\"nofollow\" href=\"https:\/\/cirhe.com\/wp-content\/uploads\/2022\/05\/INST-RH-PTER_rev4.pdf\"><span class=\"w-btn-label\">Manual de instalaci\u00f3n (PDF)<\/span><\/a><\/div><\/div><\/div><\/div><\/div><\/div><\/section><section class=\"l-section wpb_row height_auto\"><div class=\"l-section-h i-cf\"><div class=\"g-cols vc_row via_flex valign_top type_default stacking_default\"><div class=\"vc_col-sm-12 wpb_column vc_column_container\"><div class=\"vc_column-inner\"><div class=\"wpb_wrapper\"><div class=\"w-separator size_custom with_line width_default thick_2 style_solid color_primary align_center\" style=\"height:30px\"><div class=\"w-separator-h\"><\/div><\/div><div class=\"w-separator size_custom\" style=\"height:15px\"><\/div><\/div><\/div><\/div><\/div><\/div><\/section>\n","protected":false},"excerpt":{"rendered":"<p><strong>PROTECTOR RH-PTER<\/strong><br \/>\n<strong>PIEZAS DE PROTECCI\u00d3N PARA TERMINACIONES DE CABLE<\/strong><br \/>\nSoluci\u00f3n para aplicaci\u00f3n en puntas terminales de botellas de exterior hasta 36 kV, termo retractiles o de silicona. Multi-secci\u00f3n. Tanto para terminales met\u00e1licos a compresi\u00f3n como por torniller\u00eda.<\/p>\n","protected":false},"featured_media":4677,"comment_status":"closed","ping_status":"closed","template":"","meta":[],"product_brand":[],"product_cat":[90,44,45,52,152],"product_tag":[],"class_list":{"0":"post-4552","1":"product","2":"type-product","3":"status-publish","4":"has-post-thumbnail","6":"product_cat-36kv","7":"product_cat-aislamiento-para-lineas-aereas","8":"product_cat-avifauna","9":"product_cat-clase-0","10":"product_cat-terminaciones-de-exterior","12":"first","13":"instock","14":"shipping-taxable","15":"product-type-simple"},"yoast_head":"<!-- This site is optimized with the Yoast SEO plugin v27.3 - https:\/\/yoast.com\/product\/yoast-seo-wordpress\/ -->\n<title>RH-PTER - RH Corporative Internacional<\/title>\n<meta name=\"description\" content=\"Soluci\u00f3n para aplicaci\u00f3n en puntas terminales de botellas de exterior hasta 36 kV, termo retractiles o de silicona.\" \/>\n<meta name=\"robots\" content=\"index, follow, max-snippet:-1, max-image-preview:large, max-video-preview:-1\" \/>\n<link rel=\"canonical\" href=\"https:\/\/cirhe.com\/en\/producto\/rh-pter\/\" \/>\n<meta property=\"og:locale\" content=\"en_US\" \/>\n<meta property=\"og:type\" content=\"article\" \/>\n<meta property=\"og:title\" content=\"RH-PTER - RH Corporative Internacional\" \/>\n<meta property=\"og:description\" content=\"Soluci\u00f3n para aplicaci\u00f3n en puntas terminales de botellas de exterior hasta 36 kV, termo retractiles o de silicona.\" \/>\n<meta property=\"og:url\" content=\"https:\/\/cirhe.com\/en\/producto\/rh-pter\/\" \/>\n<meta property=\"og:site_name\" content=\"RH Corporative Internacional\" \/>\n<meta property=\"article:modified_time\" content=\"2024-02-20T13:53:04+00:00\" \/>\n<meta property=\"og:image\" content=\"https:\/\/cirhe.com\/wp-content\/uploads\/2021\/07\/RH-PTER_1.jpg\" \/>\n\t<meta property=\"og:image:width\" content=\"540\" \/>\n\t<meta property=\"og:image:height\" content=\"540\" \/>\n\t<meta property=\"og:image:type\" content=\"image\/jpeg\" \/>\n<meta name=\"twitter:card\" content=\"summary_large_image\" \/>\n<meta name=\"twitter:label1\" content=\"Est. reading time\" \/>\n\t<meta name=\"twitter:data1\" content=\"1 minute\" \/>\n<script type=\"application\/ld+json\" class=\"yoast-schema-graph\">{\"@context\":\"https:\\\/\\\/schema.org\",\"@graph\":[{\"@type\":\"WebPage\",\"@id\":\"https:\\\/\\\/cirhe.com\\\/en\\\/producto\\\/rh-pter\\\/\",\"url\":\"https:\\\/\\\/cirhe.com\\\/en\\\/producto\\\/rh-pter\\\/\",\"name\":\"RH-PTER - RH Corporative Internacional\",\"isPartOf\":{\"@id\":\"https:\\\/\\\/cirhe.com\\\/en\\\/#website\"},\"primaryImageOfPage\":{\"@id\":\"https:\\\/\\\/cirhe.com\\\/en\\\/producto\\\/rh-pter\\\/#primaryimage\"},\"image\":{\"@id\":\"https:\\\/\\\/cirhe.com\\\/en\\\/producto\\\/rh-pter\\\/#primaryimage\"},\"thumbnailUrl\":\"https:\\\/\\\/cirhe.com\\\/wp-content\\\/uploads\\\/2021\\\/07\\\/RH-PTER_1.jpg\",\"datePublished\":\"2021-09-06T07:41:29+00:00\",\"dateModified\":\"2024-02-20T13:53:04+00:00\",\"description\":\"Soluci\u00f3n para aplicaci\u00f3n en puntas terminales de botellas de exterior hasta 36 kV, termo retractiles o de silicona.\",\"breadcrumb\":{\"@id\":\"https:\\\/\\\/cirhe.com\\\/en\\\/producto\\\/rh-pter\\\/#breadcrumb\"},\"inLanguage\":\"en-US\",\"potentialAction\":[{\"@type\":\"ReadAction\",\"target\":[\"https:\\\/\\\/cirhe.com\\\/en\\\/producto\\\/rh-pter\\\/\"]}]},{\"@type\":\"ImageObject\",\"inLanguage\":\"en-US\",\"@id\":\"https:\\\/\\\/cirhe.com\\\/en\\\/producto\\\/rh-pter\\\/#primaryimage\",\"url\":\"https:\\\/\\\/cirhe.com\\\/wp-content\\\/uploads\\\/2021\\\/07\\\/RH-PTER_1.jpg\",\"contentUrl\":\"https:\\\/\\\/cirhe.com\\\/wp-content\\\/uploads\\\/2021\\\/07\\\/RH-PTER_1.jpg\",\"width\":540,\"height\":540},{\"@type\":\"BreadcrumbList\",\"@id\":\"https:\\\/\\\/cirhe.com\\\/en\\\/producto\\\/rh-pter\\\/#breadcrumb\",\"itemListElement\":[{\"@type\":\"ListItem\",\"position\":1,\"name\":\"Portada\",\"item\":\"https:\\\/\\\/cirhe.com\\\/en\\\/nuevo-inicio\\\/\"},{\"@type\":\"ListItem\",\"position\":2,\"name\":\"Tienda\",\"item\":\"https:\\\/\\\/cirhe.com\\\/?page_id=4077\"},{\"@type\":\"ListItem\",\"position\":3,\"name\":\"RH-PTER\"}]},{\"@type\":\"WebSite\",\"@id\":\"https:\\\/\\\/cirhe.com\\\/en\\\/#website\",\"url\":\"https:\\\/\\\/cirhe.com\\\/en\\\/\",\"name\":\"RH Corporative International\",\"description\":\"Somos energ\u00eda. Somos soluciones\",\"publisher\":{\"@id\":\"https:\\\/\\\/cirhe.com\\\/en\\\/#organization\"},\"alternateName\":\"RH\",\"potentialAction\":[{\"@type\":\"SearchAction\",\"target\":{\"@type\":\"EntryPoint\",\"urlTemplate\":\"https:\\\/\\\/cirhe.com\\\/en\\\/?s={search_term_string}\"},\"query-input\":{\"@type\":\"PropertyValueSpecification\",\"valueRequired\":true,\"valueName\":\"search_term_string\"}}],\"inLanguage\":\"en-US\"},{\"@type\":\"Organization\",\"@id\":\"https:\\\/\\\/cirhe.com\\\/en\\\/#organization\",\"name\":\"RH Corporative International\",\"alternateName\":\"RH\",\"url\":\"https:\\\/\\\/cirhe.com\\\/en\\\/\",\"logo\":{\"@type\":\"ImageObject\",\"inLanguage\":\"en-US\",\"@id\":\"https:\\\/\\\/cirhe.com\\\/en\\\/#\\\/schema\\\/logo\\\/image\\\/\",\"url\":\"https:\\\/\\\/cirhe.com\\\/wp-content\\\/uploads\\\/2019\\\/07\\\/logo-color-vertical.png\",\"contentUrl\":\"https:\\\/\\\/cirhe.com\\\/wp-content\\\/uploads\\\/2019\\\/07\\\/logo-color-vertical.png\",\"width\":150,\"height\":110,\"caption\":\"RH Corporative International\"},\"image\":{\"@id\":\"https:\\\/\\\/cirhe.com\\\/en\\\/#\\\/schema\\\/logo\\\/image\\\/\"},\"sameAs\":[\"https:\\\/\\\/www.linkedin.com\\\/company\\\/68510897\\\/admin\\\/feed\\\/posts\\\/\",\"https:\\\/\\\/www.youtube.com\\\/channel\\\/UCYj1gQsCnXKEKaaPUAWWw_g\\\/videos\"]}]}<\/script>\n<!-- \/ Yoast SEO plugin. -->","yoast_head_json":{"title":"RH-PTER - RH Corporative Internacional","description":"Soluci\u00f3n para aplicaci\u00f3n en puntas terminales de botellas de exterior hasta 36 kV, termo retractiles o de silicona.","robots":{"index":"index","follow":"follow","max-snippet":"max-snippet:-1","max-image-preview":"max-image-preview:large","max-video-preview":"max-video-preview:-1"},"canonical":"https:\/\/cirhe.com\/en\/producto\/rh-pter\/","og_locale":"en_US","og_type":"article","og_title":"RH-PTER - RH Corporative Internacional","og_description":"Soluci\u00f3n para aplicaci\u00f3n en puntas terminales de botellas de exterior hasta 36 kV, termo retractiles o de silicona.","og_url":"https:\/\/cirhe.com\/en\/producto\/rh-pter\/","og_site_name":"RH Corporative Internacional","article_modified_time":"2024-02-20T13:53:04+00:00","og_image":[{"width":540,"height":540,"url":"https:\/\/cirhe.com\/wp-content\/uploads\/2021\/07\/RH-PTER_1.jpg","type":"image\/jpeg"}],"twitter_card":"summary_large_image","twitter_misc":{"Est. reading time":"1 minute"},"schema":{"@context":"https:\/\/schema.org","@graph":[{"@type":"WebPage","@id":"https:\/\/cirhe.com\/en\/producto\/rh-pter\/","url":"https:\/\/cirhe.com\/en\/producto\/rh-pter\/","name":"RH-PTER - RH Corporative Internacional","isPartOf":{"@id":"https:\/\/cirhe.com\/en\/#website"},"primaryImageOfPage":{"@id":"https:\/\/cirhe.com\/en\/producto\/rh-pter\/#primaryimage"},"image":{"@id":"https:\/\/cirhe.com\/en\/producto\/rh-pter\/#primaryimage"},"thumbnailUrl":"https:\/\/cirhe.com\/wp-content\/uploads\/2021\/07\/RH-PTER_1.jpg","datePublished":"2021-09-06T07:41:29+00:00","dateModified":"2024-02-20T13:53:04+00:00","description":"Soluci\u00f3n para aplicaci\u00f3n en puntas terminales de botellas de exterior hasta 36 kV, termo retractiles o de silicona.","breadcrumb":{"@id":"https:\/\/cirhe.com\/en\/producto\/rh-pter\/#breadcrumb"},"inLanguage":"en-US","potentialAction":[{"@type":"ReadAction","target":["https:\/\/cirhe.com\/en\/producto\/rh-pter\/"]}]},{"@type":"ImageObject","inLanguage":"en-US","@id":"https:\/\/cirhe.com\/en\/producto\/rh-pter\/#primaryimage","url":"https:\/\/cirhe.com\/wp-content\/uploads\/2021\/07\/RH-PTER_1.jpg","contentUrl":"https:\/\/cirhe.com\/wp-content\/uploads\/2021\/07\/RH-PTER_1.jpg","width":540,"height":540},{"@type":"BreadcrumbList","@id":"https:\/\/cirhe.com\/en\/producto\/rh-pter\/#breadcrumb","itemListElement":[{"@type":"ListItem","position":1,"name":"Portada","item":"https:\/\/cirhe.com\/en\/nuevo-inicio\/"},{"@type":"ListItem","position":2,"name":"Tienda","item":"https:\/\/cirhe.com\/?page_id=4077"},{"@type":"ListItem","position":3,"name":"RH-PTER"}]},{"@type":"WebSite","@id":"https:\/\/cirhe.com\/en\/#website","url":"https:\/\/cirhe.com\/en\/","name":"RH Corporative International","description":"Somos energ\u00eda. Somos soluciones","publisher":{"@id":"https:\/\/cirhe.com\/en\/#organization"},"alternateName":"RH","potentialAction":[{"@type":"SearchAction","target":{"@type":"EntryPoint","urlTemplate":"https:\/\/cirhe.com\/en\/?s={search_term_string}"},"query-input":{"@type":"PropertyValueSpecification","valueRequired":true,"valueName":"search_term_string"}}],"inLanguage":"en-US"},{"@type":"Organization","@id":"https:\/\/cirhe.com\/en\/#organization","name":"RH Corporative International","alternateName":"RH","url":"https:\/\/cirhe.com\/en\/","logo":{"@type":"ImageObject","inLanguage":"en-US","@id":"https:\/\/cirhe.com\/en\/#\/schema\/logo\/image\/","url":"https:\/\/cirhe.com\/wp-content\/uploads\/2019\/07\/logo-color-vertical.png","contentUrl":"https:\/\/cirhe.com\/wp-content\/uploads\/2019\/07\/logo-color-vertical.png","width":150,"height":110,"caption":"RH Corporative International"},"image":{"@id":"https:\/\/cirhe.com\/en\/#\/schema\/logo\/image\/"},"sameAs":["https:\/\/www.linkedin.com\/company\/68510897\/admin\/feed\/posts\/","https:\/\/www.youtube.com\/channel\/UCYj1gQsCnXKEKaaPUAWWw_g\/videos"]}]}},"_links":{"self":[{"href":"https:\/\/cirhe.com\/en\/wp-json\/wp\/v2\/product\/4552","targetHints":{"allow":["GET"]}}],"collection":[{"href":"https:\/\/cirhe.com\/en\/wp-json\/wp\/v2\/product"}],"about":[{"href":"https:\/\/cirhe.com\/en\/wp-json\/wp\/v2\/types\/product"}],"replies":[{"embeddable":true,"href":"https:\/\/cirhe.com\/en\/wp-json\/wp\/v2\/comments?post=4552"}],"wp:featuredmedia":[{"embeddable":true,"href":"https:\/\/cirhe.com\/en\/wp-json\/wp\/v2\/media\/4677"}],"wp:attachment":[{"href":"https:\/\/cirhe.com\/en\/wp-json\/wp\/v2\/media?parent=4552"}],"wp:term":[{"taxonomy":"product_brand","embeddable":true,"href":"https:\/\/cirhe.com\/en\/wp-json\/wp\/v2\/product_brand?post=4552"},{"taxonomy":"product_cat","embeddable":true,"href":"https:\/\/cirhe.com\/en\/wp-json\/wp\/v2\/product_cat?post=4552"},{"taxonomy":"product_tag","embeddable":true,"href":"https:\/\/cirhe.com\/en\/wp-json\/wp\/v2\/product_tag?post=4552"}],"curies":[{"name":"wp","href":"https:\/\/api.w.org\/{rel}","templated":true}]}}