{"id":13055,"date":"2026-04-07T14:14:02","date_gmt":"2026-04-07T12:14:02","guid":{"rendered":"https:\/\/cirhe.com\/?post_type=product&#038;p=13055"},"modified":"2026-04-09T08:21:05","modified_gmt":"2026-04-09T06:21:05","slug":"rh-plan2-52","status":"publish","type":"product","link":"https:\/\/cirhe.com\/en\/producto\/rh-plan2-52\/","title":{"rendered":"RH-PLAN2-52"},"content":{"rendered":"<section class=\"l-section wpb_row height_auto\"><div class=\"l-section-h i-cf\"><div class=\"g-cols vc_row via_flex valign_top type_default stacking_default\"><div class=\"vc_col-sm-12 wpb_column vc_column_container\"><div class=\"vc_column-inner\"><div class=\"wpb_wrapper\"><div class=\"w-separator size_custom\" style=\"height:25px\"><\/div><\/div><\/div><\/div><\/div><\/div><\/section><section class=\"l-section wpb_row us_custom_f4734a36 height_auto\"><div class=\"l-section-h i-cf\"><div class=\"g-cols vc_row via_flex valign_top type_default stacking_default\"><div class=\"vc_col-sm-12 wpb_column vc_column_container\"><div class=\"vc_column-inner\"><div class=\"wpb_wrapper\"><div class=\"w-separator size_custom with_line width_default thick_1 style_solid color_border align_center\" style=\"height:20px\"><div class=\"w-separator-h\"><\/div><\/div><div class=\"g-cols wpb_row via_flex valign_top type_default stacking_default\"><div class=\"vc_col-sm-12 wpb_column vc_column_container\"><div class=\"vc_column-inner\"><div class=\"wpb_wrapper\"><div class=\"wpb_text_column\"><div class=\"wpb_wrapper\"><p><strong>APLICACI\u00d3N:\u00a0<\/strong>Conductor<br \/>\n<strong>TENSI\u00d3N: <\/strong>\u2264 52 kV<br \/>\n<strong>RANGO: <\/strong> \u00d8conductor \u2264 32 mm | Hasta LA545<br \/>\n<strong>HOMOLOGACI\u00d3N: <\/strong> &#8211;<br \/>\n<strong>CERTIFICACI\u00d3N: <\/strong> &#8211;<br \/>\n<strong>SUMINISTRO: <\/strong>Rollos de 15,0 m<br \/>\n<strong>\u00daTILES DE INSTALACI\u00d3N: <\/strong>Fijaci\u00f3n RH-FIJA0. Herramienta de cierre RH-PLAN 0-TOOL<\/p>\n<\/div><\/div><\/div><\/div><\/div><\/div><div class=\"w-separator size_custom with_line width_default thick_1 style_solid color_border align_center\" style=\"height:20px\"><div class=\"w-separator-h\"><\/div><\/div><\/div><\/div><\/div><\/div><\/div><\/section><section class=\"l-section wpb_row height_auto\"><div class=\"l-section-h i-cf\"><div class=\"g-cols vc_row via_flex valign_top type_default stacking_default\"><div class=\"vc_col-sm-12 wpb_column vc_column_container\"><div class=\"vc_column-inner\"><div class=\"wpb_wrapper\"><div class=\"w-separator size_custom\" style=\"height:25px\"><\/div><div class=\"w-separator size_custom with_line width_default thick_2 style_solid color_primary align_center\" style=\"height:30px\"><div class=\"w-separator-h\"><\/div><\/div><\/div><\/div><\/div><\/div><\/div><\/section><section class=\"l-section wpb_row height_auto\"><div class=\"l-section-h i-cf\"><div class=\"g-cols vc_row via_flex valign_top type_default stacking_default\"><div class=\"vc_col-sm-6 wpb_column vc_column_container\"><div class=\"vc_column-inner\"><div class=\"wpb_wrapper\"><div class=\"w-btn-wrapper align_center\"><a class=\"w-btn us-btn-style_1\" target=\"_blank\" rel=\"nofollow\" href=\"https:\/\/cirhe.com\/wp-content\/uploads\/2026\/04\/FT_RH-PLAN-2-52_rev0.pdf\"><span class=\"w-btn-label\">Ficha t\u00e9cnica (PDF)<\/span><\/a><\/div><\/div><\/div><\/div><div class=\"vc_col-sm-6 wpb_column vc_column_container\"><div class=\"vc_column-inner\"><div class=\"wpb_wrapper\"><div class=\"w-btn-wrapper align_center\"><a class=\"w-btn us-btn-style_1\" target=\"_blank\" rel=\"nofollow\" href=\"https:\/\/cirhe.com\/wp-content\/uploads\/2026\/04\/INST-RH-PLAN2-52_rev0.pdf\"><span class=\"w-btn-label\">Manual de instalaci\u00f3n (PDF)<\/span><\/a><\/div><\/div><\/div><\/div><\/div><\/div><\/section><section class=\"l-section wpb_row height_auto\"><div class=\"l-section-h i-cf\"><div class=\"g-cols vc_row via_flex valign_top type_default stacking_default\"><div class=\"vc_col-sm-12 wpb_column vc_column_container\"><div class=\"vc_column-inner\"><div class=\"wpb_wrapper\"><div class=\"w-separator size_custom with_line width_default thick_2 style_solid color_primary align_center\" style=\"height:30px\"><div class=\"w-separator-h\"><\/div><\/div><div class=\"w-separator size_custom\" style=\"height:60px\"><\/div><\/div><\/div><\/div><\/div><\/div><\/section>\n","protected":false},"excerpt":{"rendered":"<p><strong>PROTECTOR RH-PLAN 2-52<\/strong><br \/>\n<strong>PIEZAS DE PROTECCI\u00d3N PARA CONDUCTORES DESNUDOS<\/strong><br \/>\nProtector para ser instalado en conductores desnudos o embarrados. Destinado a cubrir di\u00e1metros de conductores hasta 32mm. V\u00e1lido para 52kV. Puede ser instalado manualmente o mediante el uso de nuestra herramienta de cierre RH-PLAN 0-TOOL. Adem\u00e1s, puede ser fijado con el sistema de enganche RH-FIJA.<\/p>\n","protected":false},"featured_media":13042,"comment_status":"closed","ping_status":"closed","template":"","meta":[],"product_brand":[],"product_cat":[91,44,45,58,64,46],"product_tag":[274,276,275,521,459,461,520,518,519],"class_list":{"0":"post-13055","1":"product","2":"type-product","3":"status-publish","4":"has-post-thumbnail","6":"product_cat-52kv","7":"product_cat-aislamiento-para-lineas-aereas","8":"product_cat-avifauna","9":"product_cat-clase-1","10":"product_cat-conductor-2","11":"product_cat-novedades","12":"product_tag-cubre-conductores","13":"product_tag-material-aislante-para-linea-aerea","14":"product_tag-perfil-para-conductores","15":"product_tag-proteccion-avifauna-rh-plan2-52","16":"product_tag-proteccion-de-conductor-desnudo","17":"product_tag-proteccion-de-conductor-desnudo-hasta-52-kv","18":"product_tag-protector-avifauna-rh-plan2-52","19":"product_tag-rh-plan-2-52","20":"product_tag-rh-plan2-52","22":"first","23":"instock","24":"shipping-taxable","25":"product-type-simple"},"yoast_head":"<!-- This site is optimized with the Yoast SEO plugin v27.4 - https:\/\/yoast.com\/product\/yoast-seo-wordpress\/ -->\n<title>RH-PLAN2-52 - RH Corporative Internacional<\/title>\n<meta name=\"description\" content=\"Perfil RH-PLAN2-52 para protecci\u00f3n de conductor desnudo o embarrados hasta 52 kV. Para conductores de di\u00e1metro de hasta 32 mm.\" \/>\n<meta name=\"robots\" content=\"index, follow, max-snippet:-1, max-image-preview:large, max-video-preview:-1\" \/>\n<link rel=\"canonical\" href=\"https:\/\/cirhe.com\/en\/producto\/rh-plan2-52\/\" \/>\n<meta property=\"og:locale\" content=\"en_US\" \/>\n<meta property=\"og:type\" content=\"article\" \/>\n<meta property=\"og:title\" content=\"RH-PLAN2-52 - RH Corporative Internacional\" \/>\n<meta property=\"og:description\" content=\"Perfil RH-PLAN2-52 para protecci\u00f3n de conductor desnudo o embarrados hasta 52 kV. Para conductores de di\u00e1metro de hasta 32 mm.\" \/>\n<meta property=\"og:url\" content=\"https:\/\/cirhe.com\/en\/producto\/rh-plan2-52\/\" \/>\n<meta property=\"og:site_name\" content=\"RH Corporative Internacional\" \/>\n<meta property=\"article:modified_time\" content=\"2026-04-09T06:21:05+00:00\" \/>\n<meta property=\"og:image\" content=\"https:\/\/cirhe.com\/wp-content\/uploads\/2026\/04\/RH-PLAN2-52-2-1.jpg\" \/>\n\t<meta property=\"og:image:width\" content=\"540\" \/>\n\t<meta property=\"og:image:height\" content=\"540\" \/>\n\t<meta property=\"og:image:type\" content=\"image\/jpeg\" \/>\n<meta name=\"twitter:card\" content=\"summary_large_image\" \/>\n<meta name=\"twitter:label1\" content=\"Est. reading time\" \/>\n\t<meta name=\"twitter:data1\" content=\"1 minute\" \/>\n<script type=\"application\/ld+json\" class=\"yoast-schema-graph\">{\"@context\":\"https:\\\/\\\/schema.org\",\"@graph\":[{\"@type\":\"WebPage\",\"@id\":\"https:\\\/\\\/cirhe.com\\\/en\\\/producto\\\/rh-plan2-52\\\/\",\"url\":\"https:\\\/\\\/cirhe.com\\\/en\\\/producto\\\/rh-plan2-52\\\/\",\"name\":\"RH-PLAN2-52 - RH Corporative Internacional\",\"isPartOf\":{\"@id\":\"https:\\\/\\\/cirhe.com\\\/en\\\/#website\"},\"primaryImageOfPage\":{\"@id\":\"https:\\\/\\\/cirhe.com\\\/en\\\/producto\\\/rh-plan2-52\\\/#primaryimage\"},\"image\":{\"@id\":\"https:\\\/\\\/cirhe.com\\\/en\\\/producto\\\/rh-plan2-52\\\/#primaryimage\"},\"thumbnailUrl\":\"https:\\\/\\\/cirhe.com\\\/wp-content\\\/uploads\\\/2026\\\/04\\\/RH-PLAN2-52-2-1.jpg\",\"datePublished\":\"2026-04-07T12:14:02+00:00\",\"dateModified\":\"2026-04-09T06:21:05+00:00\",\"description\":\"Perfil RH-PLAN2-52 para protecci\u00f3n de conductor desnudo o embarrados hasta 52 kV. Para conductores de di\u00e1metro de hasta 32 mm.\",\"breadcrumb\":{\"@id\":\"https:\\\/\\\/cirhe.com\\\/en\\\/producto\\\/rh-plan2-52\\\/#breadcrumb\"},\"inLanguage\":\"en-US\",\"potentialAction\":[{\"@type\":\"ReadAction\",\"target\":[\"https:\\\/\\\/cirhe.com\\\/en\\\/producto\\\/rh-plan2-52\\\/\"]}]},{\"@type\":\"ImageObject\",\"inLanguage\":\"en-US\",\"@id\":\"https:\\\/\\\/cirhe.com\\\/en\\\/producto\\\/rh-plan2-52\\\/#primaryimage\",\"url\":\"https:\\\/\\\/cirhe.com\\\/wp-content\\\/uploads\\\/2026\\\/04\\\/RH-PLAN2-52-2-1.jpg\",\"contentUrl\":\"https:\\\/\\\/cirhe.com\\\/wp-content\\\/uploads\\\/2026\\\/04\\\/RH-PLAN2-52-2-1.jpg\",\"width\":540,\"height\":540,\"caption\":\"RH-PLAN2-52\"},{\"@type\":\"BreadcrumbList\",\"@id\":\"https:\\\/\\\/cirhe.com\\\/en\\\/producto\\\/rh-plan2-52\\\/#breadcrumb\",\"itemListElement\":[{\"@type\":\"ListItem\",\"position\":1,\"name\":\"Portada\",\"item\":\"https:\\\/\\\/cirhe.com\\\/en\\\/nuevo-inicio\\\/\"},{\"@type\":\"ListItem\",\"position\":2,\"name\":\"Tienda\",\"item\":\"https:\\\/\\\/cirhe.com\\\/?page_id=4077\"},{\"@type\":\"ListItem\",\"position\":3,\"name\":\"RH-PLAN2-52\"}]},{\"@type\":\"WebSite\",\"@id\":\"https:\\\/\\\/cirhe.com\\\/en\\\/#website\",\"url\":\"https:\\\/\\\/cirhe.com\\\/en\\\/\",\"name\":\"RH Corporative International\",\"description\":\"Somos energ\u00eda. Somos soluciones\",\"publisher\":{\"@id\":\"https:\\\/\\\/cirhe.com\\\/en\\\/#organization\"},\"alternateName\":\"RH\",\"potentialAction\":[{\"@type\":\"SearchAction\",\"target\":{\"@type\":\"EntryPoint\",\"urlTemplate\":\"https:\\\/\\\/cirhe.com\\\/en\\\/?s={search_term_string}\"},\"query-input\":{\"@type\":\"PropertyValueSpecification\",\"valueRequired\":true,\"valueName\":\"search_term_string\"}}],\"inLanguage\":\"en-US\"},{\"@type\":\"Organization\",\"@id\":\"https:\\\/\\\/cirhe.com\\\/en\\\/#organization\",\"name\":\"RH Corporative International\",\"alternateName\":\"RH\",\"url\":\"https:\\\/\\\/cirhe.com\\\/en\\\/\",\"logo\":{\"@type\":\"ImageObject\",\"inLanguage\":\"en-US\",\"@id\":\"https:\\\/\\\/cirhe.com\\\/en\\\/#\\\/schema\\\/logo\\\/image\\\/\",\"url\":\"https:\\\/\\\/cirhe.com\\\/wp-content\\\/uploads\\\/2019\\\/07\\\/logo-color-vertical.png\",\"contentUrl\":\"https:\\\/\\\/cirhe.com\\\/wp-content\\\/uploads\\\/2019\\\/07\\\/logo-color-vertical.png\",\"width\":150,\"height\":110,\"caption\":\"RH Corporative International\"},\"image\":{\"@id\":\"https:\\\/\\\/cirhe.com\\\/en\\\/#\\\/schema\\\/logo\\\/image\\\/\"},\"sameAs\":[\"https:\\\/\\\/www.linkedin.com\\\/company\\\/68510897\\\/admin\\\/feed\\\/posts\\\/\",\"https:\\\/\\\/www.youtube.com\\\/channel\\\/UCYj1gQsCnXKEKaaPUAWWw_g\\\/videos\"]}]}<\/script>\n<!-- \/ Yoast SEO plugin. -->","yoast_head_json":{"title":"RH-PLAN2-52 - RH Corporative Internacional","description":"Perfil RH-PLAN2-52 para protecci\u00f3n de conductor desnudo o embarrados hasta 52 kV. Para conductores de di\u00e1metro de hasta 32 mm.","robots":{"index":"index","follow":"follow","max-snippet":"max-snippet:-1","max-image-preview":"max-image-preview:large","max-video-preview":"max-video-preview:-1"},"canonical":"https:\/\/cirhe.com\/en\/producto\/rh-plan2-52\/","og_locale":"en_US","og_type":"article","og_title":"RH-PLAN2-52 - RH Corporative Internacional","og_description":"Perfil RH-PLAN2-52 para protecci\u00f3n de conductor desnudo o embarrados hasta 52 kV. Para conductores de di\u00e1metro de hasta 32 mm.","og_url":"https:\/\/cirhe.com\/en\/producto\/rh-plan2-52\/","og_site_name":"RH Corporative Internacional","article_modified_time":"2026-04-09T06:21:05+00:00","og_image":[{"width":540,"height":540,"url":"https:\/\/cirhe.com\/wp-content\/uploads\/2026\/04\/RH-PLAN2-52-2-1.jpg","type":"image\/jpeg"}],"twitter_card":"summary_large_image","twitter_misc":{"Est. reading time":"1 minute"},"schema":{"@context":"https:\/\/schema.org","@graph":[{"@type":"WebPage","@id":"https:\/\/cirhe.com\/en\/producto\/rh-plan2-52\/","url":"https:\/\/cirhe.com\/en\/producto\/rh-plan2-52\/","name":"RH-PLAN2-52 - RH Corporative Internacional","isPartOf":{"@id":"https:\/\/cirhe.com\/en\/#website"},"primaryImageOfPage":{"@id":"https:\/\/cirhe.com\/en\/producto\/rh-plan2-52\/#primaryimage"},"image":{"@id":"https:\/\/cirhe.com\/en\/producto\/rh-plan2-52\/#primaryimage"},"thumbnailUrl":"https:\/\/cirhe.com\/wp-content\/uploads\/2026\/04\/RH-PLAN2-52-2-1.jpg","datePublished":"2026-04-07T12:14:02+00:00","dateModified":"2026-04-09T06:21:05+00:00","description":"Perfil RH-PLAN2-52 para protecci\u00f3n de conductor desnudo o embarrados hasta 52 kV. Para conductores de di\u00e1metro de hasta 32 mm.","breadcrumb":{"@id":"https:\/\/cirhe.com\/en\/producto\/rh-plan2-52\/#breadcrumb"},"inLanguage":"en-US","potentialAction":[{"@type":"ReadAction","target":["https:\/\/cirhe.com\/en\/producto\/rh-plan2-52\/"]}]},{"@type":"ImageObject","inLanguage":"en-US","@id":"https:\/\/cirhe.com\/en\/producto\/rh-plan2-52\/#primaryimage","url":"https:\/\/cirhe.com\/wp-content\/uploads\/2026\/04\/RH-PLAN2-52-2-1.jpg","contentUrl":"https:\/\/cirhe.com\/wp-content\/uploads\/2026\/04\/RH-PLAN2-52-2-1.jpg","width":540,"height":540,"caption":"RH-PLAN2-52"},{"@type":"BreadcrumbList","@id":"https:\/\/cirhe.com\/en\/producto\/rh-plan2-52\/#breadcrumb","itemListElement":[{"@type":"ListItem","position":1,"name":"Portada","item":"https:\/\/cirhe.com\/en\/nuevo-inicio\/"},{"@type":"ListItem","position":2,"name":"Tienda","item":"https:\/\/cirhe.com\/?page_id=4077"},{"@type":"ListItem","position":3,"name":"RH-PLAN2-52"}]},{"@type":"WebSite","@id":"https:\/\/cirhe.com\/en\/#website","url":"https:\/\/cirhe.com\/en\/","name":"RH Corporative International","description":"Somos energ\u00eda. Somos soluciones","publisher":{"@id":"https:\/\/cirhe.com\/en\/#organization"},"alternateName":"RH","potentialAction":[{"@type":"SearchAction","target":{"@type":"EntryPoint","urlTemplate":"https:\/\/cirhe.com\/en\/?s={search_term_string}"},"query-input":{"@type":"PropertyValueSpecification","valueRequired":true,"valueName":"search_term_string"}}],"inLanguage":"en-US"},{"@type":"Organization","@id":"https:\/\/cirhe.com\/en\/#organization","name":"RH Corporative International","alternateName":"RH","url":"https:\/\/cirhe.com\/en\/","logo":{"@type":"ImageObject","inLanguage":"en-US","@id":"https:\/\/cirhe.com\/en\/#\/schema\/logo\/image\/","url":"https:\/\/cirhe.com\/wp-content\/uploads\/2019\/07\/logo-color-vertical.png","contentUrl":"https:\/\/cirhe.com\/wp-content\/uploads\/2019\/07\/logo-color-vertical.png","width":150,"height":110,"caption":"RH Corporative International"},"image":{"@id":"https:\/\/cirhe.com\/en\/#\/schema\/logo\/image\/"},"sameAs":["https:\/\/www.linkedin.com\/company\/68510897\/admin\/feed\/posts\/","https:\/\/www.youtube.com\/channel\/UCYj1gQsCnXKEKaaPUAWWw_g\/videos"]}]}},"_links":{"self":[{"href":"https:\/\/cirhe.com\/en\/wp-json\/wp\/v2\/product\/13055","targetHints":{"allow":["GET"]}}],"collection":[{"href":"https:\/\/cirhe.com\/en\/wp-json\/wp\/v2\/product"}],"about":[{"href":"https:\/\/cirhe.com\/en\/wp-json\/wp\/v2\/types\/product"}],"replies":[{"embeddable":true,"href":"https:\/\/cirhe.com\/en\/wp-json\/wp\/v2\/comments?post=13055"}],"wp:featuredmedia":[{"embeddable":true,"href":"https:\/\/cirhe.com\/en\/wp-json\/wp\/v2\/media\/13042"}],"wp:attachment":[{"href":"https:\/\/cirhe.com\/en\/wp-json\/wp\/v2\/media?parent=13055"}],"wp:term":[{"taxonomy":"product_brand","embeddable":true,"href":"https:\/\/cirhe.com\/en\/wp-json\/wp\/v2\/product_brand?post=13055"},{"taxonomy":"product_cat","embeddable":true,"href":"https:\/\/cirhe.com\/en\/wp-json\/wp\/v2\/product_cat?post=13055"},{"taxonomy":"product_tag","embeddable":true,"href":"https:\/\/cirhe.com\/en\/wp-json\/wp\/v2\/product_tag?post=13055"}],"curies":[{"name":"wp","href":"https:\/\/api.w.org\/{rel}","templated":true}]}}