{"id":9379,"date":"2021-09-02T15:49:43","date_gmt":"2021-09-02T13:49:43","guid":{"rendered":"https:\/\/cirhe.com\/bird-protection\/dispositivos-antiposada\/"},"modified":"2023-02-09T09:13:05","modified_gmt":"2023-02-09T08:13:05","slug":"dispositivos-antiposada","status":"publish","type":"page","link":"https:\/\/cirhe.com\/en\/bird-protection\/dispositivos-antiposada\/","title":{"rendered":"Anti-poaching devices"},"content":{"rendered":"<section class=\"l-section wpb_row height_auto width_full\"><div class=\"l-section-h i-cf\"><div class=\"g-cols vc_row via_flex valign_top type_default stacking_default\"><div class=\"vc_col-sm-12 vc_hidden-sm vc_hidden-xs wpb_column vc_column_container\"><div class=\"vc_column-inner\"><div class=\"wpb_wrapper\"><div class=\"w-image align_center\"><div class=\"w-image-h\"><img decoding=\"async\" width=\"1921\" height=\"351\" src=\"https:\/\/cirhe.com\/wp-content\/uploads\/2021\/09\/banner-antiposado-avifauna-pc.jpg\" class=\"attachment-full size-full\" alt=\"\" loading=\"lazy\" srcset=\"https:\/\/cirhe.com\/wp-content\/uploads\/2021\/09\/banner-antiposado-avifauna-pc.jpg 1921w, https:\/\/cirhe.com\/wp-content\/uploads\/2021\/09\/banner-antiposado-avifauna-pc-600x110.jpg 600w, https:\/\/cirhe.com\/wp-content\/uploads\/2021\/09\/banner-antiposado-avifauna-pc-300x55.jpg 300w, https:\/\/cirhe.com\/wp-content\/uploads\/2021\/09\/banner-antiposado-avifauna-pc-1024x187.jpg 1024w\" sizes=\"auto, (max-width: 1921px) 100vw, 1921px\" \/><\/div><\/div><\/div><\/div><\/div><\/div><\/div><\/section><section class=\"l-section wpb_row height_auto width_full\"><div class=\"l-section-h i-cf\"><div class=\"g-cols vc_row via_flex valign_top type_default stacking_default\"><div class=\"vc_col-sm-12 vc_hidden-lg vc_hidden-md wpb_column vc_column_container\"><div class=\"vc_column-inner\"><div class=\"wpb_wrapper\"><div class=\"w-image align_none\"><div class=\"w-image-h\"><img decoding=\"async\" width=\"951\" height=\"451\" src=\"https:\/\/cirhe.com\/wp-content\/uploads\/2021\/09\/banner-antiposado-avifauna-m.jpg\" class=\"attachment-full size-full\" alt=\"\" loading=\"lazy\" srcset=\"https:\/\/cirhe.com\/wp-content\/uploads\/2021\/09\/banner-antiposado-avifauna-m.jpg 951w, https:\/\/cirhe.com\/wp-content\/uploads\/2021\/09\/banner-antiposado-avifauna-m-600x285.jpg 600w, https:\/\/cirhe.com\/wp-content\/uploads\/2021\/09\/banner-antiposado-avifauna-m-300x142.jpg 300w\" sizes=\"auto, (max-width: 951px) 100vw, 951px\" \/><\/div><\/div><\/div><\/div><\/div><\/div><\/div><\/section><section class=\"l-section wpb_row height_medium\"><div class=\"l-section-h i-cf\"><div class=\"g-cols vc_row via_flex valign_top type_default stacking_default\"><div class=\"vc_col-sm-12 wpb_column vc_column_container\"><div class=\"vc_column-inner\"><div class=\"wpb_wrapper\"><div class=\"w-separator size_custom\" style=\"height:30px\"><\/div><div class=\"wpb_text_column\"><div class=\"wpb_wrapper\"><h5 style=\"text-align: center;\"><span style=\"color: #002e5a;\">BIRD PROTECTION<\/span><\/h5>\n<\/div><\/div><div class=\"wpb_text_column\"><div class=\"wpb_wrapper\"><h1 style=\"text-align: center;\"><strong><span style=\"color: #007fc7;\">Anti-poaching devices<\/span><\/strong><\/h1>\n<\/div><\/div><div class=\"w-separator size_custom with_line width_default thick_3 style_solid color_secondary align_center\" style=\"height:10px\"><div class=\"w-separator-h\"><\/div><\/div><\/div><\/div><\/div><\/div><\/div><\/section><section class=\"l-section wpb_row height_auto\"><div class=\"l-section-h i-cf\"><div class=\"g-cols vc_row via_flex valign_top type_default stacking_default\"><div class=\"vc_col-sm-2 wpb_column vc_column_container\"><div class=\"vc_column-inner\"><div class=\"wpb_wrapper\"><\/div><\/div><\/div><div class=\"vc_col-sm-8 wpb_column vc_column_container\"><div class=\"vc_column-inner\"><div class=\"wpb_wrapper\"><div class=\"wpb_text_column\"><div class=\"wpb_wrapper\"><p style=\"text-align: center;\">Birds use the electric supports as perches either for roosting, browsing or creating their own nest, indirectly causing a situation that could lead to their own electrocution.<\/p>\n<\/div><\/div><div class=\"w-separator size_custom\" style=\"height:30px\"><\/div><div class=\"w-image align_center\"><div class=\"w-image-h\"><img decoding=\"async\" width=\"412\" height=\"272\" src=\"https:\/\/cirhe.com\/wp-content\/uploads\/2021\/09\/RH-web-avifauna-antiposado-01.jpg\" class=\"attachment-full size-full\" alt=\"\" loading=\"lazy\" srcset=\"https:\/\/cirhe.com\/wp-content\/uploads\/2021\/09\/RH-web-avifauna-antiposado-01.jpg 412w, https:\/\/cirhe.com\/wp-content\/uploads\/2021\/09\/RH-web-avifauna-antiposado-01-300x198.jpg 300w\" sizes=\"auto, (max-width: 412px) 100vw, 412px\" \/><\/div><\/div><div class=\"w-separator size_custom\" style=\"height:30px\"><\/div><\/div><\/div><\/div><div class=\"vc_col-sm-2 wpb_column vc_column_container\"><div class=\"vc_column-inner\"><div class=\"wpb_wrapper\"><\/div><\/div><\/div><\/div><\/div><\/section><section class=\"l-section wpb_row height_medium color_alternate\"><div class=\"l-section-h i-cf\"><div class=\"g-cols vc_row via_flex valign_top type_default stacking_default\"><div class=\"vc_col-sm-6 wpb_column vc_column_container\"><div class=\"vc_column-inner\"><div class=\"wpb_wrapper\"><div class=\"w-separator size_custom\" style=\"height:20px\"><\/div><div class=\"w-image align_center\"><div class=\"w-image-h\"><img decoding=\"async\" width=\"412\" height=\"289\" src=\"https:\/\/cirhe.com\/wp-content\/uploads\/2021\/09\/RH-web-avifauna-antiposado-02b.png\" class=\"attachment-full size-full\" alt=\"\" loading=\"lazy\" srcset=\"https:\/\/cirhe.com\/wp-content\/uploads\/2021\/09\/RH-web-avifauna-antiposado-02b.png 412w, https:\/\/cirhe.com\/wp-content\/uploads\/2021\/09\/RH-web-avifauna-antiposado-02b-300x210.png 300w\" sizes=\"auto, (max-width: 412px) 100vw, 412px\" \/><\/div><\/div><\/div><\/div><\/div><div class=\"vc_col-sm-6 wpb_column vc_column_container\"><div class=\"vc_column-inner\"><div class=\"wpb_wrapper\"><div class=\"w-separator size_custom\" style=\"height:60px\"><\/div><div class=\"wpb_text_column\"><div class=\"wpb_wrapper\"><p>The aim of these products is to dissuade birds from roosting in areas of high electrical risk.<\/p>\n<p>At RH we develop devices tailored to the specific needs of each client and their casuistry, depending on the type of support and the specific situation to be protected.<\/p>\n<\/div><\/div><div class=\"w-separator size_custom\" style=\"height:20px\"><\/div><\/div><\/div><\/div><\/div><\/div><\/section><section class=\"l-section wpb_row height_auto\"><div class=\"l-section-h i-cf\"><div class=\"g-cols vc_row via_flex valign_top type_default stacking_default\"><div class=\"vc_col-sm-12 wpb_column vc_column_container\"><div class=\"vc_column-inner\"><div class=\"wpb_wrapper\"><div class=\"w-separator size_custom\" style=\"height:30px\"><\/div><div class=\"w-separator size_custom with_line width_default thick_2 style_solid color_secondary align_center\" style=\"height:50px\"><div class=\"w-separator-h\"><\/div><\/div>[vc_custom_heading text=&#8221;Our products&#8221; font_container=&#8221;tag:h3|text_align:center&#8221; use_theme_fonts=&#8221;yes&#8221; css=&#8221;%7B%22default%22%3A%7B%22font-weight%22%3A%22700%22%7D%7D&#8221;]<div class=\"wpb_text_column\"><div class=\"wpb_wrapper\"><h5 style=\"text-align: center;\"><span style=\"color: #007fc7;\">Anti-poaching devices<\/span><\/h5>\n<\/div><\/div><div class=\"w-separator size_custom\" style=\"height:20px\"><\/div><div class=\"w-grid us_grid type_grid layout_5655 cols_5 preload_style_spinner\" id=\"us_grid_1\" style=\"--columns:5;--gap:1.5rem;\" data-filterable=\"true\"><style>@media (max-width:1280px){#us_grid_1{--columns:3!important}}@media (max-width:1024px){#us_grid_1{--columns:2!important}}@media (max-width:600px){#us_grid_1{--columns:1!important}}.layout_5655 .w-grid-item-h{}.layout_5655 .usg_post_title_1{color:#1a1a1a!important;text-align:center!important;font-weight:700!important;font-size:1.2rem!important;margin-top:1.3rem!important;margin-bottom:1rem!important}.layout_5655 .usg_add_to_cart_1{text-align:center!important;font-size:0.8rem!important;margin-top:0.4rem!important;border-radius:0.2rem!important}.layout_5655 .usg_post_taxonomy_1{color:#999999!important;text-align:center!important;font-size:0.8rem!important;line-height:18px!important}<\/style><div class=\"w-grid-list\">\t<article class=\"w-grid-item size_1x1 post-4740 product type-product status-publish has-post-thumbnail product_cat-avifauna product_cat-dispositivos-antiposada first instock shipping-taxable product-type-simple\" data-id=\"4740\">\r\n\t\t<div class=\"w-grid-item-h\">\r\n\t\t\t\t\t\t<div class=\"w-post-elm post_image usg_post_image_1 stretched\"><a href=\"https:\/\/cirhe.com\/en\/producto\/rh-daf\/\" aria-label=\"RH-DAF\"><img loading=\"lazy\" decoding=\"async\" width=\"300\" height=\"300\" src=\"https:\/\/cirhe.com\/wp-content\/uploads\/2021\/07\/RH-DAF_1-300x300.jpg\" class=\"attachment-shop_catalog size-shop_catalog wp-post-image\" alt=\"\" srcset=\"https:\/\/cirhe.com\/wp-content\/uploads\/2021\/07\/RH-DAF_1-300x300.jpg 300w, https:\/\/cirhe.com\/wp-content\/uploads\/2021\/07\/RH-DAF_1-150x150.jpg 150w, https:\/\/cirhe.com\/wp-content\/uploads\/2021\/07\/RH-DAF_1-350x350.jpg 350w, https:\/\/cirhe.com\/wp-content\/uploads\/2021\/07\/RH-DAF_1.jpg 540w\" sizes=\"auto, (max-width: 300px) 100vw, 300px\" \/><\/a><\/div><h3 class=\"w-post-elm post_title usg_post_title_1 has_text_color woocommerce-loop-product__title\"><a href=\"https:\/\/cirhe.com\/en\/producto\/rh-daf\/\">RH-DAF<\/a><\/h3><div class=\"w-post-elm post_taxonomy usg_post_taxonomy_1 has_text_color style_simple color_link_inherit\"><a class=\"term-45 term-avifauna\" href=\"https:\/\/cirhe.com\/en\/categoria-producto\/avifauna\/\"><span class=\"w-btn-label\">Avifauna<\/span><\/a><b>, <\/b><a class=\"term-51 term-dispositivos-antiposada\" href=\"https:\/\/cirhe.com\/en\/categoria-producto\/avifauna\/dispositivos-antiposada\/\"><span class=\"w-btn-label\">Dispositivos antiposada<\/span><\/a><\/div><div class=\"w-btn-wrapper woocommerce usg_add_to_cart_1 has_border_radius has_font_size\"><a href=\"https:\/\/cirhe.com\/en\/producto\/rh-daf\/\" aria-describedby=\"woocommerce_loop_add_to_cart_link_describedby_4740\" data-quantity=\"1\" class=\"button product_type_simple\" data-product_id=\"4740\" data-product_sku=\"\" aria-label=\"Read more about &ldquo;RH-DAF&rdquo;\" rel=\"nofollow\" data-success_message=\"\"><i class=\"g-preloader type_1\"><\/i><span class=\"w-btn-label\">Read more<\/span><\/a>\t<span id=\"woocommerce_loop_add_to_cart_link_describedby_4740\" class=\"screen-reader-text\">\n\t\t\t<\/span>\n<\/div>\t\t<\/div>\r\n\t\t\t<\/article>\r\n\t<article class=\"w-grid-item size_1x1 post-4766 product type-product status-publish has-post-thumbnail product_cat-avifauna product_cat-dispositivos-antiposada product_cat-novedades product_tag-rh-eri product_tag-solucion-anti-posada-rh-eri  instock shipping-taxable product-type-simple\" data-id=\"4766\">\r\n\t\t<div class=\"w-grid-item-h\">\r\n\t\t\t\t\t\t<div class=\"w-post-elm post_image usg_post_image_1 stretched\"><a href=\"https:\/\/cirhe.com\/en\/producto\/rh-eri\/\" aria-label=\"RH-ERI\"><img loading=\"lazy\" decoding=\"async\" width=\"540\" height=\"540\" src=\"https:\/\/cirhe.com\/wp-content\/uploads\/2026\/04\/RH-ERI-1.jpg\" class=\"attachment-shop_catalog size-shop_catalog wp-post-image\" alt=\"RH-ERI\" srcset=\"https:\/\/cirhe.com\/wp-content\/uploads\/2026\/04\/RH-ERI-1.jpg 540w, https:\/\/cirhe.com\/wp-content\/uploads\/2026\/04\/RH-ERI-1-300x300.jpg 300w, https:\/\/cirhe.com\/wp-content\/uploads\/2026\/04\/RH-ERI-1-150x150.jpg 150w, https:\/\/cirhe.com\/wp-content\/uploads\/2026\/04\/RH-ERI-1-350x350.jpg 350w\" sizes=\"auto, (max-width: 540px) 100vw, 540px\" \/><\/a><\/div><h3 class=\"w-post-elm post_title usg_post_title_1 has_text_color woocommerce-loop-product__title\"><a href=\"https:\/\/cirhe.com\/en\/producto\/rh-eri\/\">RH-ERI<\/a><\/h3><div class=\"w-post-elm post_taxonomy usg_post_taxonomy_1 has_text_color style_simple color_link_inherit\"><a class=\"term-45 term-avifauna\" href=\"https:\/\/cirhe.com\/en\/categoria-producto\/avifauna\/\"><span class=\"w-btn-label\">Avifauna<\/span><\/a><b>, <\/b><a class=\"term-51 term-dispositivos-antiposada\" href=\"https:\/\/cirhe.com\/en\/categoria-producto\/avifauna\/dispositivos-antiposada\/\"><span class=\"w-btn-label\">Dispositivos antiposada<\/span><\/a><b>, <\/b><a class=\"term-46 term-novedades\" href=\"https:\/\/cirhe.com\/en\/categoria-producto\/avifauna\/novedades\/\"><span class=\"w-btn-label\">Novedades<\/span><\/a><\/div><div class=\"w-btn-wrapper woocommerce usg_add_to_cart_1 has_border_radius has_font_size\"><a href=\"https:\/\/cirhe.com\/en\/producto\/rh-eri\/\" aria-describedby=\"woocommerce_loop_add_to_cart_link_describedby_4766\" data-quantity=\"1\" class=\"button product_type_simple\" data-product_id=\"4766\" data-product_sku=\"\" aria-label=\"Read more about &ldquo;RH-ERI&rdquo;\" rel=\"nofollow\" data-success_message=\"\"><i class=\"g-preloader type_1\"><\/i><span class=\"w-btn-label\">Read more<\/span><\/a>\t<span id=\"woocommerce_loop_add_to_cart_link_describedby_4766\" class=\"screen-reader-text\">\n\t\t\t<\/span>\n<\/div>\t\t<\/div>\r\n\t\t\t<\/article>\r\n<\/div>\t<div class=\"w-grid-preloader\">\r\n\t\t<div class=\"g-preloader type_1\">\r\n\t\t\t<div><\/div>\r\n\t\t<\/div>\r\n\t<\/div>\r\n\t\t<div class=\"w-grid-json hidden\" onclick='return {&quot;action&quot;:&quot;us_ajax_grid&quot;,&quot;infinite_scroll&quot;:0,&quot;max_num_pages&quot;:1,&quot;pagination&quot;:&quot;none&quot;,&quot;template_vars&quot;:{&quot;columns&quot;:&quot;5&quot;,&quot;exclude_items&quot;:&quot;none&quot;,&quot;img_size&quot;:&quot;default&quot;,&quot;ignore_items_size&quot;:0,&quot;items_layout&quot;:&quot;5655&quot;,&quot;items_offset&quot;:&quot;1&quot;,&quot;load_animation&quot;:&quot;none&quot;,&quot;overriding_link&quot;:&quot;{\\&quot;url\\&quot;:\\&quot;\\&quot;}&quot;,&quot;post_id&quot;:0,&quot;query_args&quot;:{&quot;post_type&quot;:[&quot;product&quot;],&quot;tax_query&quot;:[{&quot;taxonomy&quot;:&quot;product_cat&quot;,&quot;field&quot;:&quot;slug&quot;,&quot;terms&quot;:[&quot;dispositivos-antiposada&quot;]},{&quot;taxonomy&quot;:&quot;product_visibility&quot;,&quot;field&quot;:&quot;slug&quot;,&quot;terms&quot;:[&quot;exclude-from-catalog&quot;],&quot;operator&quot;:&quot;NOT IN&quot;}],&quot;post_status&quot;:[&quot;publish&quot;],&quot;meta_query&quot;:[],&quot;posts_per_page&quot;:&quot;100&quot;},&quot;orderby_query_args&quot;:{&quot;orderby&quot;:{&quot;date&quot;:&quot;DESC&quot;}},&quot;type&quot;:&quot;grid&quot;,&quot;us_grid_post_type&quot;:&quot;product&quot;,&quot;us_grid_ajax_index&quot;:1,&quot;us_grid_filter_query_string&quot;:null,&quot;us_grid_index&quot;:1,&quot;page_args&quot;:[],&quot;lang&quot;:&quot;en&quot;}}'><\/div>\r\n\t<\/div><\/div><\/div><\/div><\/div><\/div><\/section><section class=\"l-section wpb_row height_medium\"><div class=\"l-section-h i-cf\"><div class=\"g-cols vc_row via_flex valign_top type_default stacking_default\"><div class=\"vc_col-sm-12 wpb_column vc_column_container\"><div class=\"vc_column-inner\"><div class=\"wpb_wrapper\"><div class=\"w-separator size_custom with_line width_default thick_2 style_solid color_secondary align_center\" style=\"height:80px\"><div class=\"w-separator-h\"><\/div><\/div><\/div><\/div><\/div><\/div><\/div><\/section>\n","protected":false},"excerpt":{"rendered":"APLICACI\u00d3N: Disponibles herrajes o estructuras met\u00e1licas a medida y bajo petici\u00f3n, donde poder instalar el RH-ERI en caso necesario. HOMOLOGACI\u00d3N: &#8211; SUMINISTRO: \u2265 1 unidad Ficha t\u00e9cnica (PDF)Manual de instalaci\u00f3n (PDF)","protected":false},"author":2,"featured_media":5540,"parent":6892,"menu_order":0,"comment_status":"closed","ping_status":"closed","template":"","meta":{"footnotes":""},"categories":[],"tags":[],"class_list":["post-9379","page","type-page","status-publish","has-post-thumbnail","hentry"],"yoast_head":"<!-- This site is optimized with the Yoast SEO plugin v27.4 - https:\/\/yoast.com\/product\/yoast-seo-wordpress\/ -->\n<title>Anti-poaching devices - RH Corporative Internacional<\/title>\n<meta name=\"description\" content=\"The aim of these products is to deter roosting birds in high-risk electrical areas.\" \/>\n<meta name=\"robots\" content=\"index, follow, max-snippet:-1, max-image-preview:large, max-video-preview:-1\" \/>\n<link rel=\"canonical\" href=\"https:\/\/cirhe.com\/en\/bird-protection\/dispositivos-antiposada\/\" \/>\n<meta property=\"og:locale\" content=\"en_US\" \/>\n<meta property=\"og:type\" content=\"article\" \/>\n<meta property=\"og:title\" content=\"Anti-poaching devices - RH Corporative Internacional\" \/>\n<meta property=\"og:description\" content=\"The aim of these products is to deter roosting birds in high-risk electrical areas.\" \/>\n<meta property=\"og:url\" content=\"https:\/\/cirhe.com\/en\/bird-protection\/dispositivos-antiposada\/\" \/>\n<meta property=\"og:site_name\" content=\"RH Corporative Internacional\" \/>\n<meta property=\"article:modified_time\" content=\"2023-02-09T08:13:05+00:00\" \/>\n<meta property=\"og:image\" content=\"https:\/\/cirhe.com\/wp-content\/uploads\/2021\/09\/banner-antiposado-avifauna-d.jpg\" \/>\n\t<meta property=\"og:image:width\" content=\"541\" \/>\n\t<meta property=\"og:image:height\" content=\"541\" \/>\n\t<meta property=\"og:image:type\" content=\"image\/jpeg\" \/>\n<meta name=\"twitter:card\" content=\"summary_large_image\" \/>\n<meta name=\"twitter:label1\" content=\"Est. reading time\" \/>\n\t<meta name=\"twitter:data1\" content=\"1 minute\" \/>\n<script type=\"application\/ld+json\" class=\"yoast-schema-graph\">{\"@context\":\"https:\\\/\\\/schema.org\",\"@graph\":[{\"@type\":\"WebPage\",\"@id\":\"https:\\\/\\\/cirhe.com\\\/en\\\/bird-protection\\\/dispositivos-antiposada\\\/\",\"url\":\"https:\\\/\\\/cirhe.com\\\/en\\\/bird-protection\\\/dispositivos-antiposada\\\/\",\"name\":\"Anti-poaching devices - RH Corporative Internacional\",\"isPartOf\":{\"@id\":\"https:\\\/\\\/cirhe.com\\\/en\\\/#website\"},\"primaryImageOfPage\":{\"@id\":\"https:\\\/\\\/cirhe.com\\\/en\\\/bird-protection\\\/dispositivos-antiposada\\\/#primaryimage\"},\"image\":{\"@id\":\"https:\\\/\\\/cirhe.com\\\/en\\\/bird-protection\\\/dispositivos-antiposada\\\/#primaryimage\"},\"thumbnailUrl\":\"https:\\\/\\\/cirhe.com\\\/wp-content\\\/uploads\\\/2021\\\/09\\\/banner-antiposado-avifauna-d.jpg\",\"datePublished\":\"2021-09-02T13:49:43+00:00\",\"dateModified\":\"2023-02-09T08:13:05+00:00\",\"description\":\"The aim of these products is to deter roosting birds in high-risk electrical areas.\",\"breadcrumb\":{\"@id\":\"https:\\\/\\\/cirhe.com\\\/en\\\/bird-protection\\\/dispositivos-antiposada\\\/#breadcrumb\"},\"inLanguage\":\"en-US\",\"potentialAction\":[{\"@type\":\"ReadAction\",\"target\":[\"https:\\\/\\\/cirhe.com\\\/en\\\/bird-protection\\\/dispositivos-antiposada\\\/\"]}]},{\"@type\":\"ImageObject\",\"inLanguage\":\"en-US\",\"@id\":\"https:\\\/\\\/cirhe.com\\\/en\\\/bird-protection\\\/dispositivos-antiposada\\\/#primaryimage\",\"url\":\"https:\\\/\\\/cirhe.com\\\/wp-content\\\/uploads\\\/2021\\\/09\\\/banner-antiposado-avifauna-d.jpg\",\"contentUrl\":\"https:\\\/\\\/cirhe.com\\\/wp-content\\\/uploads\\\/2021\\\/09\\\/banner-antiposado-avifauna-d.jpg\",\"width\":541,\"height\":541},{\"@type\":\"BreadcrumbList\",\"@id\":\"https:\\\/\\\/cirhe.com\\\/en\\\/bird-protection\\\/dispositivos-antiposada\\\/#breadcrumb\",\"itemListElement\":[{\"@type\":\"ListItem\",\"position\":1,\"name\":\"Portada\",\"item\":\"https:\\\/\\\/cirhe.com\\\/en\\\/nuevo-inicio\\\/\"},{\"@type\":\"ListItem\",\"position\":2,\"name\":\"Bird protection\",\"item\":\"https:\\\/\\\/cirhe.com\\\/en\\\/proteccion-de-avifauna\\\/\"},{\"@type\":\"ListItem\",\"position\":3,\"name\":\"Anti-poaching devices\"}]},{\"@type\":\"WebSite\",\"@id\":\"https:\\\/\\\/cirhe.com\\\/en\\\/#website\",\"url\":\"https:\\\/\\\/cirhe.com\\\/en\\\/\",\"name\":\"RH Corporative International\",\"description\":\"Somos energ\u00eda. Somos soluciones\",\"publisher\":{\"@id\":\"https:\\\/\\\/cirhe.com\\\/en\\\/#organization\"},\"alternateName\":\"RH\",\"potentialAction\":[{\"@type\":\"SearchAction\",\"target\":{\"@type\":\"EntryPoint\",\"urlTemplate\":\"https:\\\/\\\/cirhe.com\\\/en\\\/?s={search_term_string}\"},\"query-input\":{\"@type\":\"PropertyValueSpecification\",\"valueRequired\":true,\"valueName\":\"search_term_string\"}}],\"inLanguage\":\"en-US\"},{\"@type\":\"Organization\",\"@id\":\"https:\\\/\\\/cirhe.com\\\/en\\\/#organization\",\"name\":\"RH Corporative International\",\"alternateName\":\"RH\",\"url\":\"https:\\\/\\\/cirhe.com\\\/en\\\/\",\"logo\":{\"@type\":\"ImageObject\",\"inLanguage\":\"en-US\",\"@id\":\"https:\\\/\\\/cirhe.com\\\/en\\\/#\\\/schema\\\/logo\\\/image\\\/\",\"url\":\"https:\\\/\\\/cirhe.com\\\/wp-content\\\/uploads\\\/2019\\\/07\\\/logo-color-vertical.png\",\"contentUrl\":\"https:\\\/\\\/cirhe.com\\\/wp-content\\\/uploads\\\/2019\\\/07\\\/logo-color-vertical.png\",\"width\":150,\"height\":110,\"caption\":\"RH Corporative International\"},\"image\":{\"@id\":\"https:\\\/\\\/cirhe.com\\\/en\\\/#\\\/schema\\\/logo\\\/image\\\/\"},\"sameAs\":[\"https:\\\/\\\/www.linkedin.com\\\/company\\\/68510897\\\/admin\\\/feed\\\/posts\\\/\",\"https:\\\/\\\/www.youtube.com\\\/channel\\\/UCYj1gQsCnXKEKaaPUAWWw_g\\\/videos\"]}]}<\/script>\n<!-- \/ Yoast SEO plugin. -->","yoast_head_json":{"title":"Anti-poaching devices - RH Corporative Internacional","description":"The aim of these products is to deter roosting birds in high-risk electrical areas.","robots":{"index":"index","follow":"follow","max-snippet":"max-snippet:-1","max-image-preview":"max-image-preview:large","max-video-preview":"max-video-preview:-1"},"canonical":"https:\/\/cirhe.com\/en\/bird-protection\/dispositivos-antiposada\/","og_locale":"en_US","og_type":"article","og_title":"Anti-poaching devices - RH Corporative Internacional","og_description":"The aim of these products is to deter roosting birds in high-risk electrical areas.","og_url":"https:\/\/cirhe.com\/en\/bird-protection\/dispositivos-antiposada\/","og_site_name":"RH Corporative Internacional","article_modified_time":"2023-02-09T08:13:05+00:00","og_image":[{"width":541,"height":541,"url":"https:\/\/cirhe.com\/wp-content\/uploads\/2021\/09\/banner-antiposado-avifauna-d.jpg","type":"image\/jpeg"}],"twitter_card":"summary_large_image","twitter_misc":{"Est. reading time":"1 minute"},"schema":{"@context":"https:\/\/schema.org","@graph":[{"@type":"WebPage","@id":"https:\/\/cirhe.com\/en\/bird-protection\/dispositivos-antiposada\/","url":"https:\/\/cirhe.com\/en\/bird-protection\/dispositivos-antiposada\/","name":"Anti-poaching devices - RH Corporative Internacional","isPartOf":{"@id":"https:\/\/cirhe.com\/en\/#website"},"primaryImageOfPage":{"@id":"https:\/\/cirhe.com\/en\/bird-protection\/dispositivos-antiposada\/#primaryimage"},"image":{"@id":"https:\/\/cirhe.com\/en\/bird-protection\/dispositivos-antiposada\/#primaryimage"},"thumbnailUrl":"https:\/\/cirhe.com\/wp-content\/uploads\/2021\/09\/banner-antiposado-avifauna-d.jpg","datePublished":"2021-09-02T13:49:43+00:00","dateModified":"2023-02-09T08:13:05+00:00","description":"The aim of these products is to deter roosting birds in high-risk electrical areas.","breadcrumb":{"@id":"https:\/\/cirhe.com\/en\/bird-protection\/dispositivos-antiposada\/#breadcrumb"},"inLanguage":"en-US","potentialAction":[{"@type":"ReadAction","target":["https:\/\/cirhe.com\/en\/bird-protection\/dispositivos-antiposada\/"]}]},{"@type":"ImageObject","inLanguage":"en-US","@id":"https:\/\/cirhe.com\/en\/bird-protection\/dispositivos-antiposada\/#primaryimage","url":"https:\/\/cirhe.com\/wp-content\/uploads\/2021\/09\/banner-antiposado-avifauna-d.jpg","contentUrl":"https:\/\/cirhe.com\/wp-content\/uploads\/2021\/09\/banner-antiposado-avifauna-d.jpg","width":541,"height":541},{"@type":"BreadcrumbList","@id":"https:\/\/cirhe.com\/en\/bird-protection\/dispositivos-antiposada\/#breadcrumb","itemListElement":[{"@type":"ListItem","position":1,"name":"Portada","item":"https:\/\/cirhe.com\/en\/nuevo-inicio\/"},{"@type":"ListItem","position":2,"name":"Bird protection","item":"https:\/\/cirhe.com\/en\/proteccion-de-avifauna\/"},{"@type":"ListItem","position":3,"name":"Anti-poaching devices"}]},{"@type":"WebSite","@id":"https:\/\/cirhe.com\/en\/#website","url":"https:\/\/cirhe.com\/en\/","name":"RH Corporative International","description":"Somos energ\u00eda. Somos soluciones","publisher":{"@id":"https:\/\/cirhe.com\/en\/#organization"},"alternateName":"RH","potentialAction":[{"@type":"SearchAction","target":{"@type":"EntryPoint","urlTemplate":"https:\/\/cirhe.com\/en\/?s={search_term_string}"},"query-input":{"@type":"PropertyValueSpecification","valueRequired":true,"valueName":"search_term_string"}}],"inLanguage":"en-US"},{"@type":"Organization","@id":"https:\/\/cirhe.com\/en\/#organization","name":"RH Corporative International","alternateName":"RH","url":"https:\/\/cirhe.com\/en\/","logo":{"@type":"ImageObject","inLanguage":"en-US","@id":"https:\/\/cirhe.com\/en\/#\/schema\/logo\/image\/","url":"https:\/\/cirhe.com\/wp-content\/uploads\/2019\/07\/logo-color-vertical.png","contentUrl":"https:\/\/cirhe.com\/wp-content\/uploads\/2019\/07\/logo-color-vertical.png","width":150,"height":110,"caption":"RH Corporative International"},"image":{"@id":"https:\/\/cirhe.com\/en\/#\/schema\/logo\/image\/"},"sameAs":["https:\/\/www.linkedin.com\/company\/68510897\/admin\/feed\/posts\/","https:\/\/www.youtube.com\/channel\/UCYj1gQsCnXKEKaaPUAWWw_g\/videos"]}]}},"_links":{"self":[{"href":"https:\/\/cirhe.com\/en\/wp-json\/wp\/v2\/pages\/9379","targetHints":{"allow":["GET"]}}],"collection":[{"href":"https:\/\/cirhe.com\/en\/wp-json\/wp\/v2\/pages"}],"about":[{"href":"https:\/\/cirhe.com\/en\/wp-json\/wp\/v2\/types\/page"}],"author":[{"embeddable":true,"href":"https:\/\/cirhe.com\/en\/wp-json\/wp\/v2\/users\/2"}],"replies":[{"embeddable":true,"href":"https:\/\/cirhe.com\/en\/wp-json\/wp\/v2\/comments?post=9379"}],"version-history":[{"count":8,"href":"https:\/\/cirhe.com\/en\/wp-json\/wp\/v2\/pages\/9379\/revisions"}],"predecessor-version":[{"id":9443,"href":"https:\/\/cirhe.com\/en\/wp-json\/wp\/v2\/pages\/9379\/revisions\/9443"}],"up":[{"embeddable":true,"href":"https:\/\/cirhe.com\/en\/wp-json\/wp\/v2\/pages\/6892"}],"wp:featuredmedia":[{"embeddable":true,"href":"https:\/\/cirhe.com\/en\/wp-json\/wp\/v2\/media\/5540"}],"wp:attachment":[{"href":"https:\/\/cirhe.com\/en\/wp-json\/wp\/v2\/media?parent=9379"}],"wp:term":[{"taxonomy":"category","embeddable":true,"href":"https:\/\/cirhe.com\/en\/wp-json\/wp\/v2\/categories?post=9379"},{"taxonomy":"post_tag","embeddable":true,"href":"https:\/\/cirhe.com\/en\/wp-json\/wp\/v2\/tags?post=9379"}],"curies":[{"name":"wp","href":"https:\/\/api.w.org\/{rel}","templated":true}]}}